{"id":1010,"date":"2021-06-24T14:25:20","date_gmt":"2021-06-24T18:25:20","guid":{"rendered":"https:\/\/jornalismo.ufms.br\/projetil\/?page_id=1010"},"modified":"2021-08-11T11:13:50","modified_gmt":"2021-08-11T15:13:50","slug":"projetil-96","status":"publish","type":"page","link":"https:\/\/jornalismo-faalc.ufms.br\/projetil\/projetil-96\/","title":{"rendered":"Proj\u00e9til #96"},"content":{"rendered":"\n<figure class=\"wp-block-image size-large\"><img loading=\"lazy\" decoding=\"async\" width=\"889\" height=\"1024\" src=\"https:\/\/jornalismo-faalc.ufms.br\/projetil\/wp-content\/uploads\/sites\/2\/2021\/07\/capa-ed96-889x1024.jpg\" alt=\"\" class=\"wp-image-1236\" srcset=\"https:\/\/jornalismo-faalc.ufms.br\/projetil\/wp-content\/uploads\/sites\/2\/2021\/07\/capa-ed96-889x1024.jpg 889w, https:\/\/jornalismo-faalc.ufms.br\/projetil\/wp-content\/uploads\/sites\/2\/2021\/07\/capa-ed96-260x300.jpg 260w, https:\/\/jornalismo-faalc.ufms.br\/projetil\/wp-content\/uploads\/sites\/2\/2021\/07\/capa-ed96-768x885.jpg 768w, https:\/\/jornalismo-faalc.ufms.br\/projetil\/wp-content\/uploads\/sites\/2\/2021\/07\/capa-ed96-400x461.jpg 400w, https:\/\/jornalismo-faalc.ufms.br\/projetil\/wp-content\/uploads\/sites\/2\/2021\/07\/capa-ed96.jpg 1200w\" sizes=\"auto, (max-width: 889px) 100vw, 889px\" \/><\/figure>\n\n\n\n<p>Passado mais de um ano do in\u00edcio da pandemia do novo coronav\u00edrus uma coisa \u00e9 certa: o mundo digital nunca foi t\u00e3o palp\u00e1vel em nossas vidas. Fazemos compras, estudamos, trabalhamos, namoramos, conversamos, nos divertimos, brigamos e at\u00e9 comemos ou fazemos sexo mediados por artefatos tecnol\u00f3gicos e \u00e0 dist\u00e2ncia.<\/p>\n\n\n\n<p>Leia o <a href=\"https:\/\/jornalismo-faalc.ufms.br\/projetil\/0101010101-2\/\">Editorial<\/a> completo da edi\u00e7\u00e3o #96, e conhe\u00e7a <a href=\"https:\/\/jornalismo-faalc.ufms.br\/projetil\/expediente-96\/\">aqui<\/a> a equipe que a produziu.<\/p>\n\n\n\n<hr class=\"wp-block-separator\"\/>\n\n\n\n<h2><span style=\"color: #ff0000;\">Intelig\u00eancia Artificial no Poder Judici\u00e1rio<\/span><\/h2>\n<p>O papel de m\u00e1quinas e algor\u00edtimos que est\u00e3o tirando o trabalho \u2013 e o sono \u2013 de muitos humanos<\/p>\n<p><a href=\"https:\/\/jornalismo-faalc.ufms.br\/projetil\/inteligencia-artificial-no-poder-judiciario\/\">Leia a entrevista<\/a><\/p>\n\n\n\n<hr class=\"wp-block-separator\"\/>\n\n\n\n<h2><span style=\"color: #ff0000;\">Reportagens<\/span><\/h2>\n\n\n<ul class=\"wp-block-latest-posts__list is-grid columns-3 wp-block-latest-posts\"><li><a class=\"wp-block-latest-posts__post-title\" href=\"https:\/\/jornalismo-faalc.ufms.br\/projetil\/mais-que-estrategia-a-sobrevivencia-de-muitos-negocios\/\">Mais que estrat\u00e9gia, a sobreviv\u00eancia de muitos neg\u00f3cios<\/a><\/li>\n<li><a class=\"wp-block-latest-posts__post-title\" href=\"https:\/\/jornalismo-faalc.ufms.br\/projetil\/as-redes-sociais-influenciando-a-mudanca-estetica\/\">As redes sociais influenciando a mudan\u00e7a est\u00e9tica<\/a><\/li>\n<li><a class=\"wp-block-latest-posts__post-title\" href=\"https:\/\/jornalismo-faalc.ufms.br\/projetil\/crimes-ciberneticos-exploram-a-vulnerabilidade-dos-usuarios\/\">Crimes cibern\u00e9ticos exploram a vulnerabilidade dos usu\u00e1rios<\/a><\/li>\n<li><a class=\"wp-block-latest-posts__post-title\" href=\"https:\/\/jornalismo-faalc.ufms.br\/projetil\/a-arte-em-tempos-virtuais\/\">A arte em tempos virtuais<\/a><\/li>\n<li><a class=\"wp-block-latest-posts__post-title\" href=\"https:\/\/jornalismo-faalc.ufms.br\/projetil\/um-novo-meio-de-narrar-o-esporte\/\">Um novo meio de narrar o esporte<\/a><\/li>\n<li><a class=\"wp-block-latest-posts__post-title\" href=\"https:\/\/jornalismo-faalc.ufms.br\/projetil\/vida-e-trabalho-atraves-de-telas-e-agora\/\">Vida e trabalho atrav\u00e9s de telas: e agora?<\/a><\/li>\n<\/ul>\n\n\n<hr class=\"wp-block-separator\"\/>\n\n\n\n<h2><span style=\"color: #ff0000;\">A pirataria digital<br \/><\/span><\/h2>\n<p>Desde a antiguidade h\u00e1 registro de piratas aterrorizando cidades e frotas mar\u00edtimas. Nos s\u00e9culos mais recentes a pirataria, no seu sentido tradicional, foi morrendo, mas a palavra permaneceu no vocabul\u00e1rio popular, sendo usada com in\u00fameros sentidos.<\/p>\n<p><a href=\"https:\/\/jornalismo-faalc.ufms.br\/projetil\/a-pirataria-digital\/\">Veja aqui a Infografia<\/a><\/p>\n\n\n\n<hr class=\"wp-block-separator\"\/>\n\n\n\n<h2><span style=\"color: #ff0000;\">Artigos<\/span><\/h2>\n\n\n<ul class=\"wp-block-latest-posts__list is-grid columns-3 wp-block-latest-posts\"><li><a class=\"wp-block-latest-posts__post-title\" href=\"https:\/\/jornalismo-faalc.ufms.br\/projetil\/%ef%bb%bfentre-quatro-paredes\/\">\ufeffEntre quatro paredes<\/a><\/li>\n<li><a class=\"wp-block-latest-posts__post-title\" href=\"https:\/\/jornalismo-faalc.ufms.br\/projetil\/o-uso-exagerado-de-tecnologia-na-infancia\/\">O uso exagerado de tecnologia na inf\u00e2ncia<\/a><\/li>\n<li><a class=\"wp-block-latest-posts__post-title\" href=\"https:\/\/jornalismo-faalc.ufms.br\/projetil\/liberdade-de-expressao-no-ambiente-digital\/\">Liberdade de express\u00e3o no ambiente digital<\/a><\/li>\n<li><a class=\"wp-block-latest-posts__post-title\" href=\"https:\/\/jornalismo-faalc.ufms.br\/projetil\/o-grande-irmao-e-a-amazon\/\">O Grande Irm\u00e3o e a Amazon<\/a><\/li>\n<li><a class=\"wp-block-latest-posts__post-title\" href=\"https:\/\/jornalismo-faalc.ufms.br\/projetil\/o-vigiar-e-punir-moderno\/\">O \u2018vigiar e punir\u2019 moderno<\/a><\/li>\n<li><a class=\"wp-block-latest-posts__post-title\" href=\"https:\/\/jornalismo-faalc.ufms.br\/projetil\/familias-fora-do-armario\/\">Fam\u00edlias fora do arm\u00e1rio<\/a><\/li>\n<\/ul>\n\n\n<hr class=\"wp-block-separator\"\/>\n\n\n\n<figure class=\"wp-block-embed is-type-rich is-provider-issuu wp-block-embed-issuu\"><div class=\"wp-block-embed__wrapper\">\n<div data-url=\"https:\/\/issuu.com\/projetil\/docs\/projetil96\" style=\"width: 580px; height: 334px;\" class=\"issuuembed\"><\/div><script type=\"text\/javascript\" src=\"\/\/e.issuu.com\/embed.js\" async=\"true\"><\/script>\n<\/div><\/figure>\n","protected":false},"excerpt":{"rendered":"<p>Passado mais de um ano do in\u00edcio da pandemia do novo coronav\u00edrus uma coisa \u00e9 certa: o mundo digital nunca foi t\u00e3o palp\u00e1vel em nossas vidas. Fazemos compras, estudamos, trabalhamos, namoramos, conversamos, nos divertimos, brigamos e at\u00e9 comemos ou fazemos sexo mediados por artefatos tecnol\u00f3gicos e \u00e0 dist\u00e2ncia. Leia o Editorial completo da edi\u00e7\u00e3o #96, [&hellip;]<\/p>\n","protected":false},"author":19,"featured_media":0,"parent":0,"menu_order":0,"comment_status":"closed","ping_status":"closed","template":"","meta":{"footnotes":""},"class_list":["post-1010","page","type-page","status-publish","hentry"],"_links":{"self":[{"href":"https:\/\/jornalismo-faalc.ufms.br\/projetil\/wp-json\/wp\/v2\/pages\/1010","targetHints":{"allow":["GET"]}}],"collection":[{"href":"https:\/\/jornalismo-faalc.ufms.br\/projetil\/wp-json\/wp\/v2\/pages"}],"about":[{"href":"https:\/\/jornalismo-faalc.ufms.br\/projetil\/wp-json\/wp\/v2\/types\/page"}],"author":[{"embeddable":true,"href":"https:\/\/jornalismo-faalc.ufms.br\/projetil\/wp-json\/wp\/v2\/users\/19"}],"replies":[{"embeddable":true,"href":"https:\/\/jornalismo-faalc.ufms.br\/projetil\/wp-json\/wp\/v2\/comments?post=1010"}],"version-history":[{"count":16,"href":"https:\/\/jornalismo-faalc.ufms.br\/projetil\/wp-json\/wp\/v2\/pages\/1010\/revisions"}],"predecessor-version":[{"id":1267,"href":"https:\/\/jornalismo-faalc.ufms.br\/projetil\/wp-json\/wp\/v2\/pages\/1010\/revisions\/1267"}],"wp:attachment":[{"href":"https:\/\/jornalismo-faalc.ufms.br\/projetil\/wp-json\/wp\/v2\/media?parent=1010"}],"curies":[{"name":"wp","href":"https:\/\/api.w.org\/{rel}","templated":true}]}}