{"id":1288,"date":"2021-11-24T15:28:43","date_gmt":"2021-11-24T19:28:43","guid":{"rendered":"https:\/\/jornalismo.ufms.br\/projetil\/?page_id=1288"},"modified":"2023-06-29T14:04:03","modified_gmt":"2023-06-29T18:04:03","slug":"projetil-97","status":"publish","type":"page","link":"https:\/\/jornalismo-faalc.ufms.br\/projetil\/projetil-97\/","title":{"rendered":"Proj\u00e9til #97"},"content":{"rendered":"\n<p class=\"has-text-align-center\">Muito se fala sobre her\u00f3is, mas a quest\u00e3o \u00e9: quem s\u00e3o, onde est\u00e3o e quem os cria?<\/p>\n\n\n<div class=\"wp-block-image\">\n<figure class=\"aligncenter size-full\"><a href=\"https:\/\/issuu.com\/projetil\/docs\/projetil-97\" target=\"_blank\" rel=\"noopener\"><img loading=\"lazy\" decoding=\"async\" width=\"607\" height=\"700\" src=\"https:\/\/jornalismo-faalc.ufms.br\/projetil\/wp-content\/uploads\/sites\/2\/2021\/12\/capa97.jpg\" alt=\"\" class=\"wp-image-1873\" srcset=\"https:\/\/jornalismo-faalc.ufms.br\/projetil\/wp-content\/uploads\/sites\/2\/2021\/12\/capa97.jpg 607w, https:\/\/jornalismo-faalc.ufms.br\/projetil\/wp-content\/uploads\/sites\/2\/2021\/12\/capa97-260x300.jpg 260w, https:\/\/jornalismo-faalc.ufms.br\/projetil\/wp-content\/uploads\/sites\/2\/2021\/12\/capa97-400x461.jpg 400w\" sizes=\"auto, (max-width: 607px) 100vw, 607px\" \/><\/a><figcaption class=\"wp-element-caption\">Clique na imagem para abrir a vers\u00e3o impressa do Proj\u00e9til 97, ou siga adiante e navegue pela vers\u00e3o web e seus conte\u00fados adicionais<\/figcaption><\/figure>\n<\/div>\n\n\n<p>A equipe do Proj\u00e9til foi atr\u00e1s de algumas poss\u00edveis respostas. E se deparou com um desafio \u00e9tico e profissional: jornalistas tamb\u00e9m criam\/constroem her\u00f3is e vil\u00f5es do cotidiano.<\/p>\n\n\n\n<p>Leia o <a href=\"https:\/\/jornalismo-faalc.ufms.br\/projetil\/o-caminho-dos-protagonistas\/\">Editorial<\/a> completo da edi\u00e7\u00e3o #97, e conhe\u00e7a <a href=\"https:\/\/jornalismo-faalc.ufms.br\/projetil\/expediente-97\/\">aqui<\/a> a equipe que a produziu.<\/p>\n\n\n\n<hr class=\"wp-block-separator has-css-opacity\"\/>\n\n\n\n<h2><span style=\"color: #ff0000;\">A constru\u00e7\u00e3o do her\u00f3i por meio da sua jornada<\/span><\/h2>\n\n\n\n<p>Her\u00f3is e vil\u00f5es s\u00e3o modelos. S\u00e3o conceitos que nos levam a compreender valores, pois carregam uma determinada compreens\u00e3o acerca do que \u00e9 bom ou ruim.<\/p>\n\n\n\n<p><a href=\"https:\/\/jornalismo-faalc.ufms.br\/projetil\/a-construcao-do-heroi-por-meio-da-sua-jornada\/\">Leia a entrevista<\/a><\/p>\n\n\n\n<hr class=\"wp-block-separator has-css-opacity\"\/>\n\n\n<h2><span style=\"color: #ff0000;\">Reportagens<\/span><\/h2>\n\n<ul class=\"wp-block-latest-posts__list is-grid columns-3 wp-block-latest-posts\"><li><a class=\"wp-block-latest-posts__post-title\" href=\"https:\/\/jornalismo-faalc.ufms.br\/projetil\/superpoder-e-a-vontade-de-ajudar-o-proximo\/\">Superpoder \u00e9 a vontade de ajudar o pr\u00f3ximo<\/a><\/li>\n<li><a class=\"wp-block-latest-posts__post-title\" href=\"https:\/\/jornalismo-faalc.ufms.br\/projetil\/o-cansaco-de-ser-incansavel\/\">O cansa\u00e7o de ser incans\u00e1vel<\/a><\/li>\n<li><a class=\"wp-block-latest-posts__post-title\" href=\"https:\/\/jornalismo-faalc.ufms.br\/projetil\/parceiros-do-fique-em-casa\/\">Parceiros do \u2018fique em casa\u2019<\/a><\/li>\n<li><a class=\"wp-block-latest-posts__post-title\" href=\"https:\/\/jornalismo-faalc.ufms.br\/projetil\/o-vinculo-da-terra\/\">O v\u00ednculo da terra<\/a><\/li>\n<li><a class=\"wp-block-latest-posts__post-title\" href=\"https:\/\/jornalismo-faalc.ufms.br\/projetil\/da-ascensao-ao-cancelamento-virtual\/\">Da ascens\u00e3o ao cancelamento virtual<\/a><\/li>\n<li><a class=\"wp-block-latest-posts__post-title\" href=\"https:\/\/jornalismo-faalc.ufms.br\/projetil\/protetores-dos-animais-abandonados\/\">Protetores dos animais abandonados<\/a><\/li>\n<li><a class=\"wp-block-latest-posts__post-title\" href=\"https:\/\/jornalismo-faalc.ufms.br\/projetil\/e-possivel-salvar-o-mundo-sem-ouvi-lo\/\">\u00c9 poss\u00edvel salvar o mundo sem ouvi-lo?<\/a><\/li>\n<\/ul>\n\n\n<hr class=\"wp-block-separator has-css-opacity\"\/>\n\n\n<h2><span style=\"color: #ff0000;\">A linha de frente da esperan\u00e7a<br><\/span><\/h2>\n\n\n<figure class=\"wp-block-image size-medium\"><img loading=\"lazy\" decoding=\"async\" width=\"300\" height=\"201\" src=\"https:\/\/jornalismo-faalc.ufms.br\/projetil\/wp-content\/uploads\/sites\/2\/2021\/12\/rft01-300x201.jpg\" alt=\"\" class=\"wp-image-1835\" srcset=\"https:\/\/jornalismo-faalc.ufms.br\/projetil\/wp-content\/uploads\/sites\/2\/2021\/12\/rft01-300x201.jpg 300w, https:\/\/jornalismo-faalc.ufms.br\/projetil\/wp-content\/uploads\/sites\/2\/2021\/12\/rft01-768x515.jpg 768w, https:\/\/jornalismo-faalc.ufms.br\/projetil\/wp-content\/uploads\/sites\/2\/2021\/12\/rft01-400x268.jpg 400w, https:\/\/jornalismo-faalc.ufms.br\/projetil\/wp-content\/uploads\/sites\/2\/2021\/12\/rft01.jpg 900w\" sizes=\"auto, (max-width: 300px) 100vw, 300px\" \/><\/figure>\n\n\n\n<p>Veja a <a href=\"https:\/\/jornalismo-faalc.ufms.br\/projetil\/a-linha-de-frente-da-esperanca\/\">fotorreportagem<\/a> completa<\/p>\n\n\n\n<hr class=\"wp-block-separator has-css-opacity\"\/>\n\n\n<h2><span style=\"color: #ff0000;\">Her\u00f3is ol\u00edmpicos<\/span><\/h2>\n\n\n<p>O resgate do sentimento brasileiro<\/p>\n\n\n\n<p><a href=\"https:\/\/jornalismo-faalc.ufms.br\/projetil\/herois-olimpicos\/\">Veja na Infografia<\/a><\/p>\n\n\n\n<hr class=\"wp-block-separator has-css-opacity\"\/>\n\n\n<h2><span style=\"color: #ff0000;\">Artigos<\/span><\/h2>\n\n<ul class=\"wp-block-latest-posts__list is-grid columns-3 wp-block-latest-posts\"><li><a class=\"wp-block-latest-posts__post-title\" href=\"https:\/\/jornalismo-faalc.ufms.br\/projetil\/conto-de-fada\/\">Conto de fada<\/a><\/li>\n<li><a class=\"wp-block-latest-posts__post-title\" href=\"https:\/\/jornalismo-faalc.ufms.br\/projetil\/da-vilania-ao-heroismo\/\">Da vilania ao hero\u00edsmo<\/a><\/li>\n<li><a class=\"wp-block-latest-posts__post-title\" href=\"https:\/\/jornalismo-faalc.ufms.br\/projetil\/a-emocionante-final-da-libertadores-2019\/\">A emocionante final da Libertadores 2019<\/a><\/li>\n<li><a class=\"wp-block-latest-posts__post-title\" href=\"https:\/\/jornalismo-faalc.ufms.br\/projetil\/a-importancia-de-um-disco-para-periferia\/\">A import\u00e2ncia de um disco para periferia<\/a><\/li>\n<li><a class=\"wp-block-latest-posts__post-title\" href=\"https:\/\/jornalismo-faalc.ufms.br\/projetil\/uma-fortaleza-chamada-mae\/\">Uma fortaleza chamada m\u00e3e<\/a><\/li>\n<li><a class=\"wp-block-latest-posts__post-title\" href=\"https:\/\/jornalismo-faalc.ufms.br\/projetil\/sozinho\/\">Sozinho<\/a><\/li>\n<li><a class=\"wp-block-latest-posts__post-title\" href=\"https:\/\/jornalismo-faalc.ufms.br\/projetil\/fazendo-a-diferenca-na-vida-de-alguem\/\">Fazendo a diferen\u00e7a na vida de algu\u00e9m<\/a><\/li>\n<li><a class=\"wp-block-latest-posts__post-title\" href=\"https:\/\/jornalismo-faalc.ufms.br\/projetil\/ser-artista-trans-no-brasil-e-revolucionario\/\">Ser artista trans no Brasil \u00e9 revolucion\u00e1rio<\/a><\/li>\n<li><a class=\"wp-block-latest-posts__post-title\" href=\"https:\/\/jornalismo-faalc.ufms.br\/projetil\/watchmen-e-o-paradoxo-do-super-heroi\/\">Watchmen e o paradoxo do super-her\u00f3i<\/a><\/li>\n<li><a class=\"wp-block-latest-posts__post-title\" href=\"https:\/\/jornalismo-faalc.ufms.br\/projetil\/o-heroi-como-referencia-na-luta-popular\/\">O her\u00f3i como refer\u00eancia na luta popular<\/a><\/li>\n<li><a class=\"wp-block-latest-posts__post-title\" href=\"https:\/\/jornalismo-faalc.ufms.br\/projetil\/nosso-luto-frequente\/\">Nosso luto frequente<\/a><\/li>\n<li><a class=\"wp-block-latest-posts__post-title\" href=\"https:\/\/jornalismo-faalc.ufms.br\/projetil\/a-importancia-do-psicologo-nas-olimpiadas-de-toquio\/\">A import\u00e2ncia do psic\u00f3logo nas Olimp\u00edadas de T\u00f3quio<\/a><\/li>\n<li><a class=\"wp-block-latest-posts__post-title\" href=\"https:\/\/jornalismo-faalc.ufms.br\/projetil\/o-esquecimento-dos-atletas-olimpicos\/\">O esquecimento dos atletas ol\u00edmpicos<\/a><\/li>\n<li><a class=\"wp-block-latest-posts__post-title\" href=\"https:\/\/jornalismo-faalc.ufms.br\/projetil\/o-pesquisador-brasileiro\/\">O pesquisador brasileiro<\/a><\/li>\n<\/ul>\n\n\n<hr class=\"wp-block-separator has-css-opacity\"\/>\n","protected":false},"excerpt":{"rendered":"<p>Muito se fala sobre her\u00f3is, mas a quest\u00e3o \u00e9: quem s\u00e3o, onde est\u00e3o e quem os cria? A equipe do Proj\u00e9til foi atr\u00e1s de algumas poss\u00edveis respostas. E se deparou com um desafio \u00e9tico e profissional: jornalistas tamb\u00e9m criam\/constroem her\u00f3is e vil\u00f5es do cotidiano. Leia o Editorial completo da edi\u00e7\u00e3o #97, e conhe\u00e7a aqui a [&hellip;]<\/p>\n","protected":false},"author":19,"featured_media":0,"parent":0,"menu_order":0,"comment_status":"closed","ping_status":"closed","template":"","meta":{"footnotes":""},"class_list":["post-1288","page","type-page","status-publish","hentry"],"_links":{"self":[{"href":"https:\/\/jornalismo-faalc.ufms.br\/projetil\/wp-json\/wp\/v2\/pages\/1288","targetHints":{"allow":["GET"]}}],"collection":[{"href":"https:\/\/jornalismo-faalc.ufms.br\/projetil\/wp-json\/wp\/v2\/pages"}],"about":[{"href":"https:\/\/jornalismo-faalc.ufms.br\/projetil\/wp-json\/wp\/v2\/types\/page"}],"author":[{"embeddable":true,"href":"https:\/\/jornalismo-faalc.ufms.br\/projetil\/wp-json\/wp\/v2\/users\/19"}],"replies":[{"embeddable":true,"href":"https:\/\/jornalismo-faalc.ufms.br\/projetil\/wp-json\/wp\/v2\/comments?post=1288"}],"version-history":[{"count":21,"href":"https:\/\/jornalismo-faalc.ufms.br\/projetil\/wp-json\/wp\/v2\/pages\/1288\/revisions"}],"predecessor-version":[{"id":3673,"href":"https:\/\/jornalismo-faalc.ufms.br\/projetil\/wp-json\/wp\/v2\/pages\/1288\/revisions\/3673"}],"wp:attachment":[{"href":"https:\/\/jornalismo-faalc.ufms.br\/projetil\/wp-json\/wp\/v2\/media?parent=1288"}],"curies":[{"name":"wp","href":"https:\/\/api.w.org\/{rel}","templated":true}]}}