{"id":2222,"date":"2022-06-24T16:23:37","date_gmt":"2022-06-24T20:23:37","guid":{"rendered":"https:\/\/jornalismo.ufms.br\/projetil\/?page_id=2222"},"modified":"2022-07-06T09:09:46","modified_gmt":"2022-07-06T13:09:46","slug":"projetil-98","status":"publish","type":"page","link":"https:\/\/jornalismo-faalc.ufms.br\/projetil\/projetil-98\/","title":{"rendered":"Proj\u00e9til #98"},"content":{"rendered":"\n<p>O que caracteriza uma identidade? Como ela surge? Existe uma \u00fanica identidade? O que significa ser sul-mato-grossense?<\/p>\n\n\n\n<div class=\"wp-block-image\"><figure class=\"aligncenter\"><a href=\"https:\/\/issuu.com\/projetil\/docs\/projetil-98\" target=\"_blank\" rel=\"noopener\"><img loading=\"lazy\" decoding=\"async\" width=\"600\" height=\"692\" src=\"https:\/\/jornalismo-faalc.ufms.br\/projetil\/wp-content\/uploads\/sites\/2\/2022\/07\/projetil-98p.jpg\" alt=\"\" class=\"wp-image-2552\" title=\"clique para ver a vers\u00e3o em PDF do jornal\" srcset=\"https:\/\/jornalismo-faalc.ufms.br\/projetil\/wp-content\/uploads\/sites\/2\/2022\/07\/projetil-98p.jpg 600w, https:\/\/jornalismo-faalc.ufms.br\/projetil\/wp-content\/uploads\/sites\/2\/2022\/07\/projetil-98p-260x300.jpg 260w, https:\/\/jornalismo-faalc.ufms.br\/projetil\/wp-content\/uploads\/sites\/2\/2022\/07\/projetil-98p-400x461.jpg 400w\" sizes=\"auto, (max-width: 600px) 100vw, 600px\" \/><\/a><figcaption>Clique na imagem para abrir a vers\u00e3o impressa do Proj\u00e9til 98, ou siga adiante e navegue pela vers\u00e3o web e com conte\u00fados adicionais.<\/figcaption><\/figure><\/div>\n\n\n\n<p>A fim de encontrar uma resposta para essas perguntas, a equipe do Proj\u00e9til foi \u00e0s ruas em busca de pessoas que diariamente criam e vivenciam esse estado.<\/p>\n\n\n\n<p>Leia o <a href=\"https:\/\/jornalismo-faalc.ufms.br\/projetil\/do-sul\/\">Editorial completo da edi\u00e7\u00e3o #98<\/a>, e conhe\u00e7a <a href=\"https:\/\/jornalismo-faalc.ufms.br\/projetil\/expediente-98\/\">aqui<\/a> a equipe que a produziu.<\/p>\n\n\n\n<hr class=\"wp-block-separator\"\/>\n\n\n<h2><span style=\"color: #ff0000;\">O Mato Grosso do Sul \u00e9 um caldeir\u00e3o<\/span><\/h2>\n<p>Lenilde Ramos \u00e9 escritora, musicista, compositora e ativista cultural. Aos 70 anos de idade, teve o privil\u00e9gio de visitar 73 das 79 cidades de Mato Grosso do Sul para conhecer o que o estado tem de arte, de ra\u00edzes culturais, de artistas e de hist\u00f3rias.<\/p>\n<p><a href=\"https:\/\/jornalismo-faalc.ufms.br\/projetil\/o-mato-grosso-do-sul-e-um-caldeirao\/\">Leia a primeira entrevista<\/a><\/p>\n<h2><span style=\"color: #ff0000;\">Uma identidade em constru\u00e7\u00e3o<\/span><\/h2>\n<p>O professor Valmir Batista Corr\u00eaa, 75, \u00e9 pesquisador da hist\u00f3ria de Mato Grosso do Sul e tem mais de 16 livros publicados sobre o tema. Natural do estado de S\u00e3o Paulo, morou por 22 anos em Corumb\u00e1, foi docente do curso de Hist\u00f3ria na Universidade Federal de Mato Grosso do Sul (UFMS), no campus de Corumb\u00e1, Secret\u00e1rio de Educa\u00e7\u00e3o da cidade, vereador e se aposentou trabalhando na Pr\u00f3-Reitoria de ensino da UFMS.<\/p>\n<p><a href=\"https:\/\/jornalismo-faalc.ufms.br\/projetil\/uma-identidade-em-construcao\/\">Leia a segunda entrevista<\/a><\/p>\n\n\n<hr class=\"wp-block-separator\"\/>\n\n\n<h2><span style=\"color: #ff0000;\">Reportagens<\/span><\/h2>\n\n<ul class=\"wp-block-latest-posts__list is-grid columns-3 wp-block-latest-posts\"><li><a class=\"wp-block-latest-posts__post-title\" href=\"https:\/\/jornalismo-faalc.ufms.br\/projetil\/miscigenacao-gastronomica\/\">Miscigena\u00e7\u00e3o Gastron\u00f4mica<\/a><\/li>\n<li><a class=\"wp-block-latest-posts__post-title\" href=\"https:\/\/jornalismo-faalc.ufms.br\/projetil\/trabalhe-lute-viva-e-pose\/\">Trabalhe, lute, viva e POSE<\/a><\/li>\n<li><a class=\"wp-block-latest-posts__post-title\" href=\"https:\/\/jornalismo-faalc.ufms.br\/projetil\/caminhos-e-memorias\/\">Caminhos e Mem\u00f3rias<\/a><\/li>\n<li><a class=\"wp-block-latest-posts__post-title\" href=\"https:\/\/jornalismo-faalc.ufms.br\/projetil\/filhas-e-maes-da-terra\/\">Filhas e m\u00e3es da terra<\/a><\/li>\n<li><a class=\"wp-block-latest-posts__post-title\" href=\"https:\/\/jornalismo-faalc.ufms.br\/projetil\/no-grito-do-rap-mato-grosso-do-sul-e-indigena\/\">No grito do rap: Mato Grosso do Sul \u00e9 ind\u00edgena<\/a><\/li>\n<li><a class=\"wp-block-latest-posts__post-title\" href=\"https:\/\/jornalismo-faalc.ufms.br\/projetil\/inumeras-fronteiras-um-so-povo\/\">In\u00fameras fronteiras: um s\u00f3 povo<\/a><\/li>\n<\/ul>\n\n\n<hr class=\"wp-block-separator\"\/>\n\n\n<h2><span style=\"color: #ff0000;\">MS invis\u00edvel<br><\/span><\/h2>\n\n\n<p>As menores cidades do estado revelam individualidades.<\/p>\n\n\n\n<p><a href=\"https:\/\/jornalismo-faalc.ufms.br\/projetil\/ms-invisivel\">Veja a infografia<\/a><\/p>\n\n\n\n<hr class=\"wp-block-separator\"\/>\n\n\n<h2><span style=\"color: #ff0000;\">O Pantanal \u00e9 aqui! N\u00e3o \u00e9 aqui!<br \/><\/span><\/h2>\n\n\n<figure class=\"wp-block-image size-full\"><img loading=\"lazy\" decoding=\"async\" width=\"1024\" height=\"683\" src=\"http:\/\/jornalismo-faalc.ufms.br\/projetil\/wp-content\/uploads\/sites\/2\/2022\/07\/cooquinho-giovanna1-3.jpg\" alt=\"\" class=\"wp-image-2436\" srcset=\"https:\/\/jornalismo-faalc.ufms.br\/projetil\/wp-content\/uploads\/sites\/2\/2022\/07\/cooquinho-giovanna1-3.jpg 1024w, https:\/\/jornalismo-faalc.ufms.br\/projetil\/wp-content\/uploads\/sites\/2\/2022\/07\/cooquinho-giovanna1-3-300x200.jpg 300w, https:\/\/jornalismo-faalc.ufms.br\/projetil\/wp-content\/uploads\/sites\/2\/2022\/07\/cooquinho-giovanna1-3-768x512.jpg 768w, https:\/\/jornalismo-faalc.ufms.br\/projetil\/wp-content\/uploads\/sites\/2\/2022\/07\/cooquinho-giovanna1-3-400x267.jpg 400w\" sizes=\"auto, (max-width: 1024px) 100vw, 1024px\" \/><\/figure>\n\n\n\n<p><a href=\"https:\/\/jornalismo-faalc.ufms.br\/projetil\/o-pantanal-e-aqui-nao-e-aqui\">Veja a reportagem fotogr\u00e1fica<\/a><\/p>\n\n\n\n<hr class=\"wp-block-separator\"\/>\n\n\n<h2><span style=\"color: #ff0000;\">Artigos, cr\u00f4nicas e resenhas<\/span><\/h2>\n\n<ul class=\"wp-block-latest-posts__list is-grid columns-3 wp-block-latest-posts\"><li><a class=\"wp-block-latest-posts__post-title\" href=\"https:\/\/jornalismo-faalc.ufms.br\/projetil\/a-terra-prometida-de-eva\/\">A Terra Prometida de Eva<\/a><\/li>\n<li><a class=\"wp-block-latest-posts__post-title\" href=\"https:\/\/jornalismo-faalc.ufms.br\/projetil\/sobre-trilhos-e-despedidas\/\">Sobre trilhos e despedidas<\/a><\/li>\n<li><a class=\"wp-block-latest-posts__post-title\" href=\"https:\/\/jornalismo-faalc.ufms.br\/projetil\/nao-me-vejo-mais-nela\/\">N\u00e3o me vejo mais nela<\/a><\/li>\n<li><a class=\"wp-block-latest-posts__post-title\" href=\"https:\/\/jornalismo-faalc.ufms.br\/projetil\/cultura-que-sobrevive\/\">Cultura que (sobre)vive<\/a><\/li>\n<li><a class=\"wp-block-latest-posts__post-title\" href=\"https:\/\/jornalismo-faalc.ufms.br\/projetil\/transfobia-e-conservadorismo-no-centro-oeste-do-brasil\/\">Transfobia e conservadorismo no Centro-Oeste do Brasil<\/a><\/li>\n<li><a class=\"wp-block-latest-posts__post-title\" href=\"https:\/\/jornalismo-faalc.ufms.br\/projetil\/educando-nas-aguas\/\">Educando nas \u00e1guas<\/a><\/li>\n<li><a class=\"wp-block-latest-posts__post-title\" href=\"https:\/\/jornalismo-faalc.ufms.br\/projetil\/o-que-falta-para-o-futebol-do-sul\/\">O que falta para o futebol do Sul?<\/a><\/li>\n<li><a class=\"wp-block-latest-posts__post-title\" href=\"https:\/\/jornalismo-faalc.ufms.br\/projetil\/o-agro-nao-e-pop\/\">O agro n\u00e3o \u00e9 pop<\/a><\/li>\n<li><a class=\"wp-block-latest-posts__post-title\" href=\"https:\/\/jornalismo-faalc.ufms.br\/projetil\/estranheza\/\">Estranheza<\/a><\/li>\n<li><a class=\"wp-block-latest-posts__post-title\" href=\"https:\/\/jornalismo-faalc.ufms.br\/projetil\/ms-no-cinema-uma-regiao-vivida-e-uma-regiao-percebida\/\">MS no cinema: uma regi\u00e3o vivida e uma regi\u00e3o percebida<\/a><\/li>\n<li><a class=\"wp-block-latest-posts__post-title\" href=\"https:\/\/jornalismo-faalc.ufms.br\/projetil\/em-busca-de-dias-mulheres\/\">Em busca de dias mulheres<\/a><\/li>\n<li><a class=\"wp-block-latest-posts__post-title\" href=\"https:\/\/jornalismo-faalc.ufms.br\/projetil\/nas-redes-dos-desertos-de-noticia\/\">Nas redes dos desertos de not\u00edcia<\/a><\/li>\n<li><a class=\"wp-block-latest-posts__post-title\" href=\"https:\/\/jornalismo-faalc.ufms.br\/projetil\/o-pantanal-nas-telas\/\">O &#8220;Pantanal&#8221; nas telas<\/a><\/li>\n<li><a class=\"wp-block-latest-posts__post-title\" href=\"https:\/\/jornalismo-faalc.ufms.br\/projetil\/historia-de-pescador\/\">Hist\u00f3ria de pescador<\/a><\/li>\n<\/ul>","protected":false},"excerpt":{"rendered":"<p>O que caracteriza uma identidade? Como ela surge? Existe uma \u00fanica identidade? O que significa ser sul-mato-grossense? A fim de encontrar uma resposta para essas perguntas, a equipe do Proj\u00e9til foi \u00e0s ruas em busca de pessoas que diariamente criam e vivenciam esse estado. Leia o Editorial completo da edi\u00e7\u00e3o #98, e conhe\u00e7a aqui a [&hellip;]<\/p>\n","protected":false},"author":19,"featured_media":0,"parent":0,"menu_order":0,"comment_status":"closed","ping_status":"closed","template":"","meta":{"footnotes":""},"class_list":["post-2222","page","type-page","status-publish","hentry"],"_links":{"self":[{"href":"https:\/\/jornalismo-faalc.ufms.br\/projetil\/wp-json\/wp\/v2\/pages\/2222","targetHints":{"allow":["GET"]}}],"collection":[{"href":"https:\/\/jornalismo-faalc.ufms.br\/projetil\/wp-json\/wp\/v2\/pages"}],"about":[{"href":"https:\/\/jornalismo-faalc.ufms.br\/projetil\/wp-json\/wp\/v2\/types\/page"}],"author":[{"embeddable":true,"href":"https:\/\/jornalismo-faalc.ufms.br\/projetil\/wp-json\/wp\/v2\/users\/19"}],"replies":[{"embeddable":true,"href":"https:\/\/jornalismo-faalc.ufms.br\/projetil\/wp-json\/wp\/v2\/comments?post=2222"}],"version-history":[{"count":18,"href":"https:\/\/jornalismo-faalc.ufms.br\/projetil\/wp-json\/wp\/v2\/pages\/2222\/revisions"}],"predecessor-version":[{"id":3942,"href":"https:\/\/jornalismo-faalc.ufms.br\/projetil\/wp-json\/wp\/v2\/pages\/2222\/revisions\/3942"}],"wp:attachment":[{"href":"https:\/\/jornalismo-faalc.ufms.br\/projetil\/wp-json\/wp\/v2\/media?parent=2222"}],"curies":[{"name":"wp","href":"https:\/\/api.w.org\/{rel}","templated":true}]}}