{"id":3051,"date":"2022-11-25T15:27:31","date_gmt":"2022-11-25T19:27:31","guid":{"rendered":"https:\/\/jornalismo-faalc.ufms.br\/projetil\/?page_id=3051"},"modified":"2022-11-29T17:32:59","modified_gmt":"2022-11-29T21:32:59","slug":"projetil-99","status":"publish","type":"page","link":"https:\/\/jornalismo-faalc.ufms.br\/projetil\/projetil-99\/","title":{"rendered":"Proj\u00e9til #99"},"content":{"rendered":"\n<p>Uma edi\u00e7\u00e3o que atravessa o tempo. O Proj\u00e9til &#8220;entre gera\u00e7\u00f5es&#8221; come\u00e7a pela inf\u00e2ncia, passa pela juventude e chega \u00e0 velhice.<\/p>\n\n\n\n<div class=\"wp-block-image\"><figure class=\"aligncenter size-full\"><a href=\"https:\/\/issuu.com\/projetil\/docs\/projetil-99\" target=\"_blank\" rel=\"noopener\"><img loading=\"lazy\" decoding=\"async\" width=\"800\" height=\"922\" src=\"https:\/\/jornalismo-faalc.ufms.br\/projetil\/wp-content\/uploads\/sites\/2\/2022\/11\/projetil-99-capa.jpg\" alt=\"\" class=\"wp-image-3052\" srcset=\"https:\/\/jornalismo-faalc.ufms.br\/projetil\/wp-content\/uploads\/sites\/2\/2022\/11\/projetil-99-capa.jpg 800w, https:\/\/jornalismo-faalc.ufms.br\/projetil\/wp-content\/uploads\/sites\/2\/2022\/11\/projetil-99-capa-260x300.jpg 260w, https:\/\/jornalismo-faalc.ufms.br\/projetil\/wp-content\/uploads\/sites\/2\/2022\/11\/projetil-99-capa-768x885.jpg 768w, https:\/\/jornalismo-faalc.ufms.br\/projetil\/wp-content\/uploads\/sites\/2\/2022\/11\/projetil-99-capa-400x461.jpg 400w\" sizes=\"auto, (max-width: 800px) 100vw, 800px\" \/><\/a><figcaption>Clique na imagem para abrir a <a href=\"https:\/\/issuu.com\/projetil\/docs\/projetil-99\" target=\"_blank\" rel=\"noreferrer noopener\">vers\u00e3o impressa do Proj\u00e9til 99<\/a>, ou siga adiante e navegue pela vers\u00e3o web<\/figcaption><\/figure><\/div>\n\n\n\n<p>Nossas equipes de reportagem, opini\u00e3o, imagem e arte&nbsp; buscaram debater, nos textos e imagens, os diferentes est\u00e1gios da vida: entre dores, expectativas e mem\u00f3rias.<\/p>\n\n\n\n<p>Leia o <a href=\"https:\/\/jornalismo-faalc.ufms.br\/projetil\/crianca-jovem-senhora\/\">Editorial<\/a> completo da edi\u00e7\u00e3o #99, e conhe\u00e7a <a href=\"https:\/\/jornalismo-faalc.ufms.br\/projetil\/expediente\/\">aqui<\/a> a equipe que a produziu.<\/p>\n\n\n\n<hr class=\"wp-block-separator\"\/>\n\n\n<h2><span style=\"color: #ff0000;\">Artigos, cr\u00f4nicas e resenhas<\/span><\/h2>\n\n<ul class=\"wp-block-latest-posts__list is-grid columns-3 wp-block-latest-posts\"><li><a class=\"wp-block-latest-posts__post-title\" href=\"https:\/\/jornalismo-faalc.ufms.br\/projetil\/as-cicatrizes-irreversiveis-do-preconceito\/\">As cicatrizes irrevers\u00edveis do preconceito<\/a><\/li>\n<li><a class=\"wp-block-latest-posts__post-title\" href=\"https:\/\/jornalismo-faalc.ufms.br\/projetil\/cmon-cmon-e-a-arte-de-seguir-em-frente\/\">C\u2019mon C\u2019mon e a arte de seguir em frente<\/a><\/li>\n<li><a class=\"wp-block-latest-posts__post-title\" href=\"https:\/\/jornalismo-faalc.ufms.br\/projetil\/eramos-seis-hoje-so\/\">\u00c9ramos seis\u2026 hoje s\u00f3<\/a><\/li>\n<li><a class=\"wp-block-latest-posts__post-title\" href=\"https:\/\/jornalismo-faalc.ufms.br\/projetil\/regurgitando-ideais-obsoletos\/\">Regurgitando ideais obsoletos<\/a><\/li>\n<li><a class=\"wp-block-latest-posts__post-title\" href=\"https:\/\/jornalismo-faalc.ufms.br\/projetil\/eu-minha-vo-e-um-casamento\/\">Eu, minha v\u00f3 e um casamento<\/a><\/li>\n<li><a class=\"wp-block-latest-posts__post-title\" href=\"https:\/\/jornalismo-faalc.ufms.br\/projetil\/como-transformar-a-tecnologia-em-aliada\/\">Como transformar a tecnologia em aliada?<\/a><\/li>\n<li><a class=\"wp-block-latest-posts__post-title\" href=\"https:\/\/jornalismo-faalc.ufms.br\/projetil\/do-tempo-para-zelia\/\">Do tempo, para Z\u00e9lia<\/a><\/li>\n<li><a class=\"wp-block-latest-posts__post-title\" href=\"https:\/\/jornalismo-faalc.ufms.br\/projetil\/o-mundo-e-o-moinho\/\">O mundo \u00e9 o moinho<\/a><\/li>\n<li><a class=\"wp-block-latest-posts__post-title\" href=\"https:\/\/jornalismo-faalc.ufms.br\/projetil\/faca-bonito-e-proteja-nossas-criancas-e-adolescentes\/\">Fa\u00e7a bonito e proteja nossas crian\u00e7as e adolescentes<\/a><\/li>\n<li><a class=\"wp-block-latest-posts__post-title\" href=\"https:\/\/jornalismo-faalc.ufms.br\/projetil\/carta-aberta-ao-meu-pequeno-eu\/\">Carta aberta ao meu pequeno Eu<\/a><\/li>\n<li><a class=\"wp-block-latest-posts__post-title\" href=\"https:\/\/jornalismo-faalc.ufms.br\/projetil\/a-envergonhada-menstruacao-de-todo-mes\/\">A envergonhada menstrua\u00e7\u00e3o de todo m\u00eas<\/a><\/li>\n<li><a class=\"wp-block-latest-posts__post-title\" href=\"https:\/\/jornalismo-faalc.ufms.br\/projetil\/por-tras-da-muralha-amarela\/\">Por tr\u00e1s da muralha amarela<\/a><\/li>\n<li><a class=\"wp-block-latest-posts__post-title\" href=\"https:\/\/jornalismo-faalc.ufms.br\/projetil\/que-comece-o-matriarcado\/\">Que comece o matriarcado<\/a><\/li>\n<li><a class=\"wp-block-latest-posts__post-title\" href=\"https:\/\/jornalismo-faalc.ufms.br\/projetil\/uma-luta-compartilhada\/\">Uma luta compartilhada<\/a><\/li>\n<li><a class=\"wp-block-latest-posts__post-title\" href=\"https:\/\/jornalismo-faalc.ufms.br\/projetil\/filhos-do-abandono\/\">Filhos do abandono<\/a><\/li>\n<li><a class=\"wp-block-latest-posts__post-title\" href=\"https:\/\/jornalismo-faalc.ufms.br\/projetil\/uma-eleitora-entre-nos\/\">Uma eleitora entre n\u00f3s<\/a><\/li>\n<li><a class=\"wp-block-latest-posts__post-title\" href=\"https:\/\/jornalismo-faalc.ufms.br\/projetil\/as-mil-e-uma-vidas-de-christiane-f\/\">As mil e uma vidas de Christiane F.<\/a><\/li>\n<li><a class=\"wp-block-latest-posts__post-title\" href=\"https:\/\/jornalismo-faalc.ufms.br\/projetil\/pela-defesa-de-uma-educacao-inclusiva-no-brasil\/\">Pela defesa de uma educa\u00e7\u00e3o inclusiva no Brasil<\/a><\/li>\n<\/ul>\n\n\n<hr class=\"wp-block-separator\"\/>\n\n\n<h2><span style=\"color: #ff0000;\">Reportagens<\/span><\/h2>\n\n<ul class=\"wp-block-latest-posts__list is-grid columns-3 wp-block-latest-posts\"><li><a class=\"wp-block-latest-posts__post-title\" href=\"https:\/\/jornalismo-faalc.ufms.br\/projetil\/vidas-sonhos-e-planos-depois-dos-60\/\">Vidas, sonhos e planos depois dos 60<\/a><\/li>\n<li><a class=\"wp-block-latest-posts__post-title\" href=\"https:\/\/jornalismo-faalc.ufms.br\/projetil\/e-se-eu-governasse\/\">E se eu governasse?<\/a><\/li>\n<li><a class=\"wp-block-latest-posts__post-title\" href=\"https:\/\/jornalismo-faalc.ufms.br\/projetil\/infancia-e-arte\/\">Inf\u00e2ncia \u00e9 arte<\/a><\/li>\n<li><a class=\"wp-block-latest-posts__post-title\" href=\"https:\/\/jornalismo-faalc.ufms.br\/projetil\/essas-mina-e-monstra-acha-que-e-facil-ser-preta\/\">Essas mina \u00e9 monstra, acha que \u00e9 f\u00e1cil ser preta?<\/a><\/li>\n<li><a class=\"wp-block-latest-posts__post-title\" href=\"https:\/\/jornalismo-faalc.ufms.br\/projetil\/a-necessidade-do-contato\/\">A necessidade do con(tato)<\/a><\/li>\n<li><a class=\"wp-block-latest-posts__post-title\" href=\"https:\/\/jornalismo-faalc.ufms.br\/projetil\/futebol-hereditario\/\">Futebol heredit\u00e1rio<\/a><\/li>\n<\/ul>\n\n\n<hr class=\"wp-block-separator\"\/>\n\n\n<h2><span style=\"color: #ff0000;\">Somos n\u00f3-s?<\/span><\/h2>\n\n\n<p>Nesta primeira &#8220;entrevista-roda de conversa&#8221;, a equipe da editoria executiva traz um di\u00e1logo intergeracional sobre rela\u00e7\u00f5es afetivas, tempo, sexualidade e diversidade,&nbsp; entre Terezinha Garcia, 73, Afropaty, 18, Alessandra, 21 e Rubem, 67.<\/p>\n\n\n\n<p><a href=\"https:\/\/jornalismo-faalc.ufms.br\/projetil\/somos-no-s\/\">Leia a entrevista<\/a><\/p>\n\n\n\n<hr class=\"wp-block-separator\"\/>\n\n\n<h2><span style=\"color: #ff0000;\">Quem protege as crian\u00e7as?<\/span><\/h2>\n\n\n<p>Nossa &#8220;infografia-jogo de tabuleiro&#8221; sobre os direitos da inf\u00e2ncia ajuda a entender a evolu\u00e7\u00e3o da prote\u00e7\u00e3o integral para as crian\u00e7as por meio do Estatuto da Crian\u00e7a e do Adolescente (ECA).<\/p>\n\n\n\n<p><a href=\"https:\/\/jornalismo-faalc.ufms.br\/projetil\/quem-protege-as-criancas\/\">Acesse a infografia<\/a><\/p>\n\n\n\n<hr class=\"wp-block-separator\"\/>\n\n\n\n<h2><span style=\"color: #ff0000;\">Relic\u00e1rio de mem\u00f3rias<\/span><\/h2>\n\n\n\n<p><a href=\"https:\/\/jornalismo-faalc.ufms.br\/projetil\/relicario-de-memorias\/\">Veja a fotorreportagem<\/a><\/p>\n","protected":false},"excerpt":{"rendered":"<p>Uma edi\u00e7\u00e3o que atravessa o tempo. O Proj\u00e9til &#8220;entre gera\u00e7\u00f5es&#8221; come\u00e7a pela inf\u00e2ncia, passa pela juventude e chega \u00e0 velhice. Nossas equipes de reportagem, opini\u00e3o, imagem e arte&nbsp; buscaram debater, nos textos e imagens, os diferentes est\u00e1gios da vida: entre dores, expectativas e mem\u00f3rias. Leia o Editorial completo da edi\u00e7\u00e3o #99, e conhe\u00e7a aqui a [&hellip;]<\/p>\n","protected":false},"author":19,"featured_media":0,"parent":0,"menu_order":0,"comment_status":"closed","ping_status":"closed","template":"","meta":{"footnotes":""},"class_list":["post-3051","page","type-page","status-publish","hentry"],"_links":{"self":[{"href":"https:\/\/jornalismo-faalc.ufms.br\/projetil\/wp-json\/wp\/v2\/pages\/3051","targetHints":{"allow":["GET"]}}],"collection":[{"href":"https:\/\/jornalismo-faalc.ufms.br\/projetil\/wp-json\/wp\/v2\/pages"}],"about":[{"href":"https:\/\/jornalismo-faalc.ufms.br\/projetil\/wp-json\/wp\/v2\/types\/page"}],"author":[{"embeddable":true,"href":"https:\/\/jornalismo-faalc.ufms.br\/projetil\/wp-json\/wp\/v2\/users\/19"}],"replies":[{"embeddable":true,"href":"https:\/\/jornalismo-faalc.ufms.br\/projetil\/wp-json\/wp\/v2\/comments?post=3051"}],"version-history":[{"count":12,"href":"https:\/\/jornalismo-faalc.ufms.br\/projetil\/wp-json\/wp\/v2\/pages\/3051\/revisions"}],"predecessor-version":[{"id":3230,"href":"https:\/\/jornalismo-faalc.ufms.br\/projetil\/wp-json\/wp\/v2\/pages\/3051\/revisions\/3230"}],"wp:attachment":[{"href":"https:\/\/jornalismo-faalc.ufms.br\/projetil\/wp-json\/wp\/v2\/media?parent=3051"}],"curies":[{"name":"wp","href":"https:\/\/api.w.org\/{rel}","templated":true}]}}