{"id":362,"date":"2019-11-28T16:46:50","date_gmt":"2019-11-28T20:46:50","guid":{"rendered":"http:\/\/jornalismo.ufms.br\/projetil\/?page_id=362"},"modified":"2025-11-11T09:06:48","modified_gmt":"2025-11-11T13:06:48","slug":"projetil-93","status":"publish","type":"page","link":"https:\/\/jornalismo-faalc.ufms.br\/projetil\/","title":{"rendered":"Proj\u00e9til"},"content":{"rendered":"\n<blockquote class=\"wp-block-quote is-layout-flow wp-block-quote-is-layout-flow\">\n<p>Seja bem-vindo \u00e0 p\u00e1gina do Proj\u00e9til, o Jornal Laborat\u00f3rio do curso de Jornalismo da Universidade Federal de Mato Grosso do Sul.<\/p>\n\n\n\n<p>Aqui voc\u00ea ter\u00e1 acesso \u00e0s edi\u00e7\u00f5es integrais, da mais atual \u00e0 primeira, feita em 1989 e publicada no in\u00edcio de 1990.<\/p>\n\n\n\n<p>Nossa hist\u00f3ria e nosso olhar acompanham a trajet\u00f3ria de Campo Grande e do Mato Grosso do Sul desde aquela \u00e9poca, sempre trazendo reportagens sobre temas relevantes.<\/p>\n\n\n\n<p>Esperamos que voc\u00ea goste.<\/p>\n\n\n\n<p> Boa leitura!  <\/p>\n<\/blockquote>\n\n\n\n<div class=\"wp-block-group\"><div class=\"wp-block-group__inner-container is-layout-flow wp-block-group-is-layout-flow\">\n<table style=\"border-collapse: collapse; width: 100%;\">\n<tbody>\n<tr>\n<td style=\"width: 100%;\">\n<h4 style=\"text-align: center;\"><a href=\"https:\/\/jornalismo-faalc.ufms.br\/projetil\/projetil-105\/\">Edi\u00e7\u00e3o #105<\/a><\/h4>\n<h5 style=\"text-align: center;\">Segunda edi\u00e7\u00e3o do 1\u00ba semestre de 2025<\/h5>\n<p style=\"text-align: center;\"><a href=\"https:\/\/jornalismo-faalc.ufms.br\/projetil\/projetil-105\/\"><img loading=\"lazy\" decoding=\"async\" class=\"alignnone size-full wp-image-5816\" src=\"https:\/\/jornalismo-faalc.ufms.br\/projetil\/wp-content\/uploads\/sites\/2\/2025\/11\/projetil-105-capa.jpg\" alt=\"\" width=\"868\" height=\"1000\" srcset=\"https:\/\/jornalismo-faalc.ufms.br\/projetil\/wp-content\/uploads\/sites\/2\/2025\/11\/projetil-105-capa.jpg 868w, https:\/\/jornalismo-faalc.ufms.br\/projetil\/wp-content\/uploads\/sites\/2\/2025\/11\/projetil-105-capa-260x300.jpg 260w, https:\/\/jornalismo-faalc.ufms.br\/projetil\/wp-content\/uploads\/sites\/2\/2025\/11\/projetil-105-capa-768x885.jpg 768w, https:\/\/jornalismo-faalc.ufms.br\/projetil\/wp-content\/uploads\/sites\/2\/2025\/11\/projetil-105-capa-400x461.jpg 400w\" sizes=\"auto, (max-width: 868px) 100vw, 868px\" \/><\/a><\/p>\n<\/td>\n<\/tr>\n<\/tbody>\n<\/table>\n<\/div><\/div>\n\n\n\n<hr class=\"wp-block-separator has-css-opacity\"\/>\n\n\n\n<h4 class=\"wp-block-heading has-text-align-center\"><a href=\"https:\/\/jornalismo-faalc.ufms.br\/projetil\/edicoes-anteriores\/\" target=\"_blank\" rel=\"noreferrer noopener\" aria-label=\"Edi\u00e7\u00f5es anteriores (opens in a new tab)\">Edi\u00e7\u00f5es anteriores<\/a><\/h4>\n\n\n\n<p><\/p>\n","protected":false},"excerpt":{"rendered":"<p>Seja bem-vindo \u00e0 p\u00e1gina do Proj\u00e9til, o Jornal Laborat\u00f3rio do curso de Jornalismo da Universidade Federal de Mato Grosso do Sul. Aqui voc\u00ea ter\u00e1 acesso \u00e0s edi\u00e7\u00f5es integrais, da mais atual \u00e0 primeira, feita em 1989 e publicada no in\u00edcio de 1990. Nossa hist\u00f3ria e nosso olhar acompanham a trajet\u00f3ria de Campo Grande e do [&hellip;]<\/p>\n","protected":false},"author":35,"featured_media":0,"parent":0,"menu_order":0,"comment_status":"closed","ping_status":"closed","template":"","meta":{"footnotes":""},"class_list":["post-362","page","type-page","status-publish","hentry"],"_links":{"self":[{"href":"https:\/\/jornalismo-faalc.ufms.br\/projetil\/wp-json\/wp\/v2\/pages\/362","targetHints":{"allow":["GET"]}}],"collection":[{"href":"https:\/\/jornalismo-faalc.ufms.br\/projetil\/wp-json\/wp\/v2\/pages"}],"about":[{"href":"https:\/\/jornalismo-faalc.ufms.br\/projetil\/wp-json\/wp\/v2\/types\/page"}],"author":[{"embeddable":true,"href":"https:\/\/jornalismo-faalc.ufms.br\/projetil\/wp-json\/wp\/v2\/users\/35"}],"replies":[{"embeddable":true,"href":"https:\/\/jornalismo-faalc.ufms.br\/projetil\/wp-json\/wp\/v2\/comments?post=362"}],"version-history":[{"count":37,"href":"https:\/\/jornalismo-faalc.ufms.br\/projetil\/wp-json\/wp\/v2\/pages\/362\/revisions"}],"predecessor-version":[{"id":5817,"href":"https:\/\/jornalismo-faalc.ufms.br\/projetil\/wp-json\/wp\/v2\/pages\/362\/revisions\/5817"}],"wp:attachment":[{"href":"https:\/\/jornalismo-faalc.ufms.br\/projetil\/wp-json\/wp\/v2\/media?parent=362"}],"curies":[{"name":"wp","href":"https:\/\/api.w.org\/{rel}","templated":true}]}}