{"id":4526,"date":"2024-07-12T13:59:29","date_gmt":"2024-07-12T17:59:29","guid":{"rendered":"https:\/\/jornalismo-faalc.ufms.br\/projetil\/?page_id=4526"},"modified":"2025-04-08T07:49:58","modified_gmt":"2025-04-08T11:49:58","slug":"projetil-103","status":"publish","type":"page","link":"https:\/\/jornalismo-faalc.ufms.br\/projetil\/projetil-103\/","title":{"rendered":"Proj\u00e9til #103"},"content":{"rendered":"\n<p>\u00c9 grave! \u00c9 greve!<\/p>\n\n\n\n<p>Equipe do Proj\u00e9til acompanhou a greve dos servidores t\u00e9cnicos e docentes da UFMS no primeiro semestre de 2024.<\/p>\n\n\n\n<div class=\"_3d-flip-book  fb3d-fullscreen-mode full-size\" data-id=\"4773\" data-mode=\"fullscreen\" data-title=\"false\" data-template=\"short-white-book-view\" data-lightbox=\"dark-shadow\" data-urlparam=\"fb3d-page\" data-page-n=\"0\" data-pdf=\"\" data-tax=\"null\" data-thumbnail=\"\" data-cols=\"3\" data-book-template=\"default\" data-trigger=\"\"><\/div><script type=\"text\/javascript\">window.FB3D_CLIENT_DATA = window.FB3D_CLIENT_DATA || [];FB3D_CLIENT_DATA.push('eyJwb3N0cyI6eyI0NzczIjp7IklEIjo0NzczLCJ0aXRsZSI6IlByb2pcdTAwZTl0aWwgMTAzIiwidHlwZSI6InBkZiIsInJlYWR5X2Z1bmN0aW9uIjoiIiwiYm9va19zdHlsZSI6ImZsYXQiLCJib29rX3RlbXBsYXRlIjoibm9uZSIsIm91dGxpbmUiOltdLCJkYXRhIjp7InBvc3RfSUQiOiI0Nzc0IiwiZ3VpZCI6Imh0dHBzOlwvXC9qb3JuYWxpc21vLWZhYWxjLnVmbXMuYnJcL3Byb2pldGlsXC93cC1jb250ZW50XC91cGxvYWRzXC9zaXRlc1wvMlwvMjAyNFwvMDdcL3Byb2pldGlsLTEwMy5wZGYiLCJwZGZfcGFnZXMiOiI0MCIsInBhZ2VzX2N1c3RvbWl6YXRpb24iOiJub25lIn0sInRodW1ibmFpbCI6eyJkYXRhIjp7InBvc3RfSUQiOiIwIn0sInR5cGUiOiJhdXRvIn0sInByb3BzIjp7ImJhY2tncm91bmRDb2xvciI6ImF1dG8iLCJiYWNrZ3JvdW5kSW1hZ2UiOiJhdXRvIiwiYmFja2dyb3VuZFN0eWxlIjoiYXV0byIsImhpZ2hsaWdodExpbmtzIjoiYXV0byIsImxpZ2h0aW5nIjoiYXV0byIsImNhY2hlZFBhZ2VzIjoiYXV0byIsInJlbmRlckluYWN0aXZlUGFnZXMiOiJhdXRvIiwicmVuZGVySW5hY3RpdmVQYWdlc09uTW9iaWxlIjoiYXV0byIsInJlbmRlcldoaWxlRmxpcHBpbmciOiJhdXRvIiwicHJlbG9hZFBhZ2VzIjoiYXV0byIsImF1dG9QbGF5RHVyYXRpb24iOiJhdXRvIiwicnRsIjoiYXV0byIsImludGVyYWN0aXZlQ29ybmVycyI6ImF1dG8iLCJtYXhEZXB0aCI6ImF1dG8iLCJzaGVldCI6eyJzdGFydFZlbG9jaXR5IjoiYXV0byIsIndhdmUiOiJhdXRvIiwic2hhcGUiOiJhdXRvIiwid2lkdGhUZXhlbHMiOiJhdXRvIiwiY29sb3IiOiJhdXRvIiwic2lkZSI6ImF1dG8iLCJjb3JuZXJEZXZpYXRpb24iOiJhdXRvIiwiZmxleGliaWxpdHkiOiJhdXRvIiwiZmxleGlibGVDb3JuZXIiOiJhdXRvIiwiYmVuZGluZyI6ImF1dG8iLCJoZWlnaHRUZXhlbHMiOiJhdXRvIn0sImNvdmVyIjp7IndhdmUiOiJhdXRvIiwiY29sb3IiOiJhdXRvIiwic2lkZSI6ImF1dG8iLCJiaW5kZXJUZXh0dXJlIjoiYXV0byIsImRlcHRoIjoiYXV0byIsInBhZGRpbmciOiJhdXRvIiwic3RhcnRWZWxvY2l0eSI6ImF1dG8iLCJmbGV4aWJpbGl0eSI6ImF1dG8iLCJmbGV4aWJsZUNvcm5lciI6ImF1dG8iLCJiZW5kaW5nIjoiYXV0byIsIndpZHRoVGV4ZWxzIjoiYXV0byIsImhlaWdodFRleGVscyI6ImF1dG8iLCJtYXNzIjoiYXV0byIsInNoYXBlIjoiYXV0byJ9LCJwYWdlIjp7IndhdmUiOiJhdXRvIiwiY29sb3IiOiJhdXRvIiwic2lkZSI6ImF1dG8iLCJkZXB0aCI6ImF1dG8iLCJzdGFydFZlbG9jaXR5IjoiYXV0byIsImZsZXhpYmlsaXR5IjoiYXV0byIsImZsZXhpYmxlQ29ybmVyIjoiYXV0byIsImJlbmRpbmciOiJhdXRvIiwid2lkdGhUZXhlbHMiOiJhdXRvIiwiaGVpZ2h0VGV4ZWxzIjoiYXV0byIsIm1hc3MiOiJhdXRvIiwic2hhcGUiOiJhdXRvIn0sImhlaWdodCI6ImF1dG8iLCJ3aWR0aCI6ImF1dG8iLCJncmF2aXR5IjoiYXV0byIsInBhZ2VzRm9yUHJlZGljdGluZyI6ImF1dG8ifSwiY29udHJvbFByb3BzIjp7ImFjdGlvbnMiOnsiY21kVG9jIjp7ImVuYWJsZWQiOiJhdXRvIiwiZW5hYmxlZEluTmFycm93IjoiYXV0byIsImFjdGl2ZSI6ImF1dG8iLCJkZWZhdWx0VGFiIjoiYXV0byJ9LCJjbWRBdXRvUGxheSI6eyJlbmFibGVkIjoiYXV0byIsImVuYWJsZWRJbk5hcnJvdyI6ImF1dG8iLCJhY3RpdmUiOiJhdXRvIn0sImNtZFNhdmUiOnsiZW5hYmxlZCI6ImF1dG8iLCJlbmFibGVkSW5OYXJyb3ciOiJhdXRvIn0sImNtZFByaW50Ijp7ImVuYWJsZWQiOiJhdXRvIiwiZW5hYmxlZEluTmFycm93IjoiYXV0byJ9LCJjbWRTaW5nbGVQYWdlIjp7ImVuYWJsZWQiOiJhdXRvIiwiZW5hYmxlZEluTmFycm93IjoiYXV0byIsImFjdGl2ZSI6ImF1dG8iLCJhY3RpdmVGb3JNb2JpbGUiOiJhdXRvIn0sIndpZFRvb2xiYXIiOnsiZW5hYmxlZCI6ImF1dG8iLCJlbmFibGVkSW5OYXJyb3ciOiJhdXRvIn19fSwiYXV0b1RodW1ibmFpbCI6Imh0dHBzOlwvXC9qb3JuYWxpc21vLWZhYWxjLnVmbXMuYnJcL3Byb2pldGlsXC93cC1jb250ZW50XC91cGxvYWRzXC9zaXRlc1wvMlwvM2QtZmxpcC1ib29rXC9hdXRvLXRodW1ibmFpbHNcLzQ3NzMucG5nIiwicG9zdF9uYW1lIjoicHJvamV0aWwtMTAzIiwicG9zdF90eXBlIjoiM2QtZmxpcC1ib29rIn19LCJwYWdlcyI6W10sImZpcnN0UGFnZXMiOltdfQ==');window.FB3D_CLIENT_LOCALE && FB3D_CLIENT_LOCALE.render && FB3D_CLIENT_LOCALE.render();<\/script>\n\n\n\n<p>Entre manifesta\u00e7\u00f5es, assembleias e debates, surgem reportagens e opini\u00f5es sobre a crise do movimento sindical, o papel dos estudantes na greve, uma entrevista com a professora da USP, Maria Ribeiro, sobre o apag\u00e3o docente e uma carta da greve aos estudantes.<\/p>\n\n\n\n<p>Leia o <a href=\"https:\/\/jornalismo-faalc.ufms.br\/projetil\/ruptura-no-chao-de-fabrica-da-educacao\/\" data-type=\"link\" data-id=\"https:\/\/jornalismo-faalc.ufms.br\/projetil\/?p=4494\">Editorial<\/a> desta edi\u00e7\u00e3o, e conhe\u00e7a a <a href=\"https:\/\/jornalismo-faalc.ufms.br\/projetil\/expediente-5\/\" data-type=\"link\" data-id=\"https:\/\/jornalismo-faalc.ufms.br\/projetil\/?p=4725\">equipe<\/a> que a produziu.<\/p>\n\n\n\n<hr class=\"wp-block-separator has-alpha-channel-opacity\"\/>\n\n\n\n<h2><span style=\"color: #ff0000;\">Entrevistas<\/span><\/h2>\n<p>Para entender melhor o contexto da educa\u00e7\u00e3o p\u00fablica no Brasil e o consequente apag\u00e3o docente, o Proj\u00e9til conversou com a cientista social e professora da USP Maria Ribeiro, que pesquisa a condi\u00e7\u00e3o docente, especialmente de professoras.<\/p>\n<p><a href=\"https:\/\/jornalismo-faalc.ufms.br\/projetil\/sem-a-escola-a-universidade-e-um-delirio\/\">Leia a entrevista<\/a><\/p>\n\n<p>E para ajudar o leitor a formar suas opini\u00f5es sobre a greve e ponderar os dois lados, o Proj\u00e9til entrevistou dois professores e dois estudantes da Universidade Federal de Mato Grosso do Sul (UFMS), um contr\u00e1rio e um favor\u00e1vel ao movimento, cada um expondo argumentos a partir das suas viv\u00eancias na greve.<\/p>\n<p><a href=\"https:\/\/jornalismo-faalc.ufms.br\/projetil\/dois-lados-quatro-visoes\/\">Leia a entrevista<\/a><\/p>\n\n\n\n<hr class=\"wp-block-separator has-alpha-channel-opacity\"\/>\n\n\n<h2><span style=\"color: #ff0000;\">Ombudswoman<\/span><\/h2>\n<p>An\u00e1lise da edi\u00e7\u00e3o #102 feita pelos estudantes Murilo Medeiros, Pietra Dorneles e Sandy Ruiz.\u00a0<\/p>\n<p>Leia a <a href=\"https:\/\/jornalismo-faalc.ufms.br\/projetil\/ombudswoman-2\/\">an\u00e1lise<\/a> dos rep\u00f3rteres<\/p>\n\n\n<hr class=\"wp-block-separator has-alpha-channel-opacity\"\/>\n\n\n<h2><span style=\"color: #ff0000;\">Di\u00e1rio de Bordo<\/span><\/h2>\n<p>Equipe do Proj\u00e9til vai \u00e0 Bras\u00edlia para cobrir a marcha dos trabalhadores<\/p>\n<p>Veja a <a href=\"https:\/\/jornalismo-faalc.ufms.br\/projetil\/diario-de-bordo\/\">fotorreportagem<\/a><\/p>\n\n\n<hr class=\"wp-block-separator has-alpha-channel-opacity\"\/>\n\n\n<h2><span style=\"color: #ff0000;\">Reportagens<\/span><\/h2>\n\n<ul class=\"wp-block-latest-posts__list wp-block-latest-posts\"><li><a class=\"wp-block-latest-posts__post-title\" href=\"https:\/\/jornalismo-faalc.ufms.br\/projetil\/quem-tem-medo-dos-estudantes\/\">Quem tem medo dos estudantes?<\/a><\/li>\n<li><a class=\"wp-block-latest-posts__post-title\" href=\"https:\/\/jornalismo-faalc.ufms.br\/projetil\/resistencia-em-declinio\/\">Resist\u00eancia em decl\u00ednio<\/a><\/li>\n<li><a class=\"wp-block-latest-posts__post-title\" href=\"https:\/\/jornalismo-faalc.ufms.br\/projetil\/desculpe-o-transtorno-mulheres-em-greve\/\">Desculpe o transtorno: mulheres em greve<\/a><\/li>\n<li><a class=\"wp-block-latest-posts__post-title\" href=\"https:\/\/jornalismo-faalc.ufms.br\/projetil\/e-grave-e-greve\/\">\u00c9 grave. \u00c9 greve!<\/a><\/li>\n<li><a class=\"wp-block-latest-posts__post-title\" href=\"https:\/\/jornalismo-faalc.ufms.br\/projetil\/os-numeros-da-greve\/\">Os n\u00fameros da greve<\/a><\/li>\n<li><a class=\"wp-block-latest-posts__post-title\" href=\"https:\/\/jornalismo-faalc.ufms.br\/projetil\/parada-tecnica\/\">Parada t\u00e9cnica<\/a><\/li>\n<\/ul>\n\n\n<hr class=\"wp-block-separator has-alpha-channel-opacity\"\/>\n\n\n<h2><span style=\"color: #ff0000;\">Artigos, cr\u00f4nicas e resenhas<\/span><\/h2>\n\n<ul class=\"wp-block-latest-posts__list wp-block-latest-posts\"><li><a class=\"wp-block-latest-posts__post-title\" href=\"https:\/\/jornalismo-faalc.ufms.br\/projetil\/de-greve-da-educacao\/\">De: Greve da educa\u00e7\u00e3o<\/a><\/li>\n<li><a class=\"wp-block-latest-posts__post-title\" href=\"https:\/\/jornalismo-faalc.ufms.br\/projetil\/faz-o-l\/\">&#8220;Faz o L&#8221;<\/a><\/li>\n<li><a class=\"wp-block-latest-posts__post-title\" href=\"https:\/\/jornalismo-faalc.ufms.br\/projetil\/greve-e-agora\/\">Greve? E agora?<\/a><\/li>\n<li><a class=\"wp-block-latest-posts__post-title\" href=\"https:\/\/jornalismo-faalc.ufms.br\/projetil\/oportunismo-antes-fosse\/\">Oportunismo? Antes fosse!<\/a><\/li>\n<li><a class=\"wp-block-latest-posts__post-title\" href=\"https:\/\/jornalismo-faalc.ufms.br\/projetil\/match-point-o-ponto-do-jogo\/\">Match point, o ponto do jogo<\/a><\/li>\n<li><a class=\"wp-block-latest-posts__post-title\" href=\"https:\/\/jornalismo-faalc.ufms.br\/projetil\/quem-quer-ser-professor-a-no-brasil\/\">Quem quer ser professor\/a no Brasil?<\/a><\/li>\n<li><a class=\"wp-block-latest-posts__post-title\" href=\"https:\/\/jornalismo-faalc.ufms.br\/projetil\/uma-greve-se-sobrepoe-a-uma-tragedia\/\">Uma greve se sobrep\u00f5e a uma trag\u00e9dia?<\/a><\/li>\n<\/ul>","protected":false},"excerpt":{"rendered":"<p>\u00c9 grave! \u00c9 greve! Equipe do Proj\u00e9til acompanhou a greve dos servidores t\u00e9cnicos e docentes da UFMS no primeiro semestre de 2024. Entre manifesta\u00e7\u00f5es, assembleias e debates, surgem reportagens e opini\u00f5es sobre a crise do movimento sindical, o papel dos estudantes na greve, uma entrevista com a professora da USP, Maria Ribeiro, sobre o apag\u00e3o [&hellip;]<\/p>\n","protected":false},"author":69,"featured_media":0,"parent":0,"menu_order":0,"comment_status":"closed","ping_status":"closed","template":"","meta":{"footnotes":""},"class_list":["post-4526","page","type-page","status-publish","hentry"],"_links":{"self":[{"href":"https:\/\/jornalismo-faalc.ufms.br\/projetil\/wp-json\/wp\/v2\/pages\/4526","targetHints":{"allow":["GET"]}}],"collection":[{"href":"https:\/\/jornalismo-faalc.ufms.br\/projetil\/wp-json\/wp\/v2\/pages"}],"about":[{"href":"https:\/\/jornalismo-faalc.ufms.br\/projetil\/wp-json\/wp\/v2\/types\/page"}],"author":[{"embeddable":true,"href":"https:\/\/jornalismo-faalc.ufms.br\/projetil\/wp-json\/wp\/v2\/users\/69"}],"replies":[{"embeddable":true,"href":"https:\/\/jornalismo-faalc.ufms.br\/projetil\/wp-json\/wp\/v2\/comments?post=4526"}],"version-history":[{"count":17,"href":"https:\/\/jornalismo-faalc.ufms.br\/projetil\/wp-json\/wp\/v2\/pages\/4526\/revisions"}],"predecessor-version":[{"id":4898,"href":"https:\/\/jornalismo-faalc.ufms.br\/projetil\/wp-json\/wp\/v2\/pages\/4526\/revisions\/4898"}],"wp:attachment":[{"href":"https:\/\/jornalismo-faalc.ufms.br\/projetil\/wp-json\/wp\/v2\/media?parent=4526"}],"curies":[{"name":"wp","href":"https:\/\/api.w.org\/{rel}","templated":true}]}}