{"id":5108,"date":"2025-07-14T17:29:55","date_gmt":"2025-07-14T21:29:55","guid":{"rendered":"https:\/\/jornalismo-faalc.ufms.br\/projetil\/?page_id=5108"},"modified":"2026-04-06T21:05:43","modified_gmt":"2026-04-07T01:05:43","slug":"projetil-105","status":"publish","type":"page","link":"https:\/\/jornalismo-faalc.ufms.br\/projetil\/projetil-105\/","title":{"rendered":"Proj\u00e9til #105"},"content":{"rendered":"\n<p class=\"has-text-align-left\">Dezenove mulheres e apenas um homem. Isso n\u00e3o \u00e9 s\u00f3 uma curiosidade da turma que produziu a edi\u00e7\u00e3o 105 do Proj\u00e9til, foi o ponto de partida para a produ\u00e7\u00e3o desta edi\u00e7\u00e3o.<\/p>\n\n\n\n<p>Nesta edi\u00e7\u00e3o do Proj\u00e9til, questionamos as palavras escolhidas, as frases, as imagens e as cores utilizadas. Usamos alguns padr\u00f5es, exatamente, para question\u00e1-los e confront\u00e1-los. E por meio dessa reflex\u00e3o, deixamos claro que h\u00e1 que dizer n\u00e3o para o que nos cala e nos rotula. Neste conjunto de p\u00e1ginas, as mulheres n\u00e3o s\u00e3o apenas a pauta, s\u00e3o tamb\u00e9m as autoras, as sinalizadoras, aquelas que caminham na frente, ao lado e, quando necess\u00e1rio, atr\u00e1s.<\/p>\n\n\n\n<div class=\"_3d-flip-book  fb3d-fullscreen-mode full-size\" data-id=\"5625\" data-mode=\"fullscreen\" data-title=\"false\" data-template=\"short-white-book-view\" data-lightbox=\"dark-shadow\" data-urlparam=\"fb3d-page\" data-page-n=\"0\" data-pdf=\"\" data-tax=\"null\" data-thumbnail=\"\" data-cols=\"3\" data-book-template=\"default\" data-trigger=\"\"><\/div><script type=\"text\/javascript\">window.FB3D_CLIENT_DATA = window.FB3D_CLIENT_DATA || [];FB3D_CLIENT_DATA.push('eyJwb3N0cyI6eyI1NjI1Ijp7IklEIjo1NjI1LCJ0aXRsZSI6IlByb2pcdTAwZTl0aWwgMTA1IiwidHlwZSI6InBkZiIsInJlYWR5X2Z1bmN0aW9uIjoiIiwiYm9va19zdHlsZSI6ImZsYXQiLCJib29rX3RlbXBsYXRlIjoibm9uZSIsIm91dGxpbmUiOltdLCJkYXRhIjp7InBvc3RfSUQiOiI1ODQ0IiwiZ3VpZCI6Imh0dHBzOlwvXC9qb3JuYWxpc21vLWZhYWxjLnVmbXMuYnJcL3Byb2pldGlsXC93cC1jb250ZW50XC91cGxvYWRzXC9zaXRlc1wvMlwvMjAyNVwvMDdcL3Byb2pldGlsLTEwNS1jb21wbGV0by5wZGYiLCJwZGZfcGFnZXMiOiI0MCIsInBhZ2VzX2N1c3RvbWl6YXRpb24iOiJub25lIn0sInRodW1ibmFpbCI6eyJkYXRhIjp7InBvc3RfSUQiOiIwIn0sInR5cGUiOiJhdXRvIn0sInByb3BzIjp7ImJhY2tncm91bmRDb2xvciI6ImF1dG8iLCJiYWNrZ3JvdW5kSW1hZ2UiOiJhdXRvIiwiYmFja2dyb3VuZFN0eWxlIjoiYXV0byIsImhpZ2hsaWdodExpbmtzIjoiYXV0byIsImxpZ2h0aW5nIjoiYXV0byIsInNpbmdsZVBhZ2VNb2RlIjoiYXV0byIsImNhY2hlZFBhZ2VzIjoiYXV0byIsInJlbmRlckluYWN0aXZlUGFnZXMiOiJhdXRvIiwicmVuZGVySW5hY3RpdmVQYWdlc09uTW9iaWxlIjoiYXV0byIsInJlbmRlcldoaWxlRmxpcHBpbmciOiJhdXRvIiwicHJlbG9hZFBhZ2VzIjoiYXV0byIsImF1dG9QbGF5RHVyYXRpb24iOiJhdXRvIiwicnRsIjoiYXV0byIsImludGVyYWN0aXZlQ29ybmVycyI6ImF1dG8iLCJtYXhEZXB0aCI6ImF1dG8iLCJzaGVldCI6eyJzdGFydFZlbG9jaXR5IjoiYXV0byIsIndhdmUiOiJhdXRvIiwic2hhcGUiOiJhdXRvIiwid2lkdGhUZXhlbHMiOiJhdXRvIiwiY29sb3IiOiJhdXRvIiwic2lkZSI6ImF1dG8iLCJzdHJldGNoSW1hZ2VzIjoiYXV0byIsImNvcm5lckRldmlhdGlvbiI6ImF1dG8iLCJmbGV4aWJpbGl0eSI6ImF1dG8iLCJmbGV4aWJsZUNvcm5lciI6ImF1dG8iLCJiZW5kaW5nIjoiYXV0byIsImhlaWdodFRleGVscyI6ImF1dG8ifSwiY292ZXIiOnsid2F2ZSI6ImF1dG8iLCJjb2xvciI6ImF1dG8iLCJzaWRlIjoiYXV0byIsInN0cmV0Y2hJbWFnZXMiOiJhdXRvIiwiYmluZGVyVGV4dHVyZSI6ImF1dG8iLCJkZXB0aCI6ImF1dG8iLCJwYWRkaW5nIjoiYXV0byIsInN0YXJ0VmVsb2NpdHkiOiJhdXRvIiwiZmxleGliaWxpdHkiOiJhdXRvIiwiZmxleGlibGVDb3JuZXIiOiJhdXRvIiwiYmVuZGluZyI6ImF1dG8iLCJ3aWR0aFRleGVscyI6ImF1dG8iLCJoZWlnaHRUZXhlbHMiOiJhdXRvIiwibWFzcyI6ImF1dG8iLCJzaGFwZSI6ImF1dG8ifSwicGFnZSI6eyJ3YXZlIjoiYXV0byIsImNvbG9yIjoiYXV0byIsInNpZGUiOiJhdXRvIiwic3RyZXRjaEltYWdlcyI6ImF1dG8iLCJkZXB0aCI6ImF1dG8iLCJzdGFydFZlbG9jaXR5IjoiYXV0byIsImZsZXhpYmlsaXR5IjoiYXV0byIsImZsZXhpYmxlQ29ybmVyIjoiYXV0byIsImJlbmRpbmciOiJhdXRvIiwid2lkdGhUZXhlbHMiOiJhdXRvIiwiaGVpZ2h0VGV4ZWxzIjoiYXV0byIsIm1hc3MiOiJhdXRvIiwic2hhcGUiOiJhdXRvIn0sImhlaWdodCI6ImF1dG8iLCJ3aWR0aCI6ImF1dG8iLCJncmF2aXR5IjoiYXV0byIsInBhZ2VzRm9yUHJlZGljdGluZyI6ImF1dG8ifSwiY29udHJvbFByb3BzIjp7ImFjdGlvbnMiOnsiY21kVG9jIjp7ImVuYWJsZWQiOiJhdXRvIiwiZW5hYmxlZEluTmFycm93IjoiYXV0byIsImFjdGl2ZSI6ImF1dG8iLCJkZWZhdWx0VGFiIjoiYXV0byJ9LCJjbWRBdXRvUGxheSI6eyJlbmFibGVkIjoiYXV0byIsImVuYWJsZWRJbk5hcnJvdyI6ImF1dG8iLCJhY3RpdmUiOiJhdXRvIn0sImNtZFNhdmUiOnsiZW5hYmxlZCI6ImF1dG8iLCJlbmFibGVkSW5OYXJyb3ciOiJhdXRvIn0sImNtZFByaW50Ijp7ImVuYWJsZWQiOiJhdXRvIiwiZW5hYmxlZEluTmFycm93IjoiYXV0byJ9LCJjbWRTaW5nbGVQYWdlIjp7ImVuYWJsZWQiOiJhdXRvIiwiZW5hYmxlZEluTmFycm93IjoiYXV0byIsImFjdGl2ZSI6ImF1dG8iLCJhY3RpdmVGb3JNb2JpbGUiOiJhdXRvIn0sIndpZFRvb2xiYXIiOnsiZW5hYmxlZCI6ImF1dG8iLCJlbmFibGVkSW5OYXJyb3ciOiJhdXRvIn19fSwiYXV0b1RodW1ibmFpbCI6Imh0dHBzOlwvXC9qb3JuYWxpc21vLWZhYWxjLnVmbXMuYnJcL3Byb2pldGlsXC93cC1jb250ZW50XC91cGxvYWRzXC9zaXRlc1wvMlwvM2QtZmxpcC1ib29rXC9hdXRvLXRodW1ibmFpbHNcLzU2MjUucG5nIiwicG9zdF9uYW1lIjoicHJvamV0aWwtMTA1IiwicG9zdF90eXBlIjoiM2QtZmxpcC1ib29rIn19LCJwYWdlcyI6W10sImZpcnN0UGFnZXMiOltdfQ==');window.FB3D_CLIENT_LOCALE && FB3D_CLIENT_LOCALE.render && FB3D_CLIENT_LOCALE.render();<\/script>\n\n\n\n<p>Leia o <a href=\"https:\/\/jornalismo-faalc.ufms.br\/projetil\/a-voz-que-rompe-o-silencio-e-feminina\/\"><span style=\"color: #ff0000\">Editorial<\/span> <\/a>desta edi\u00e7\u00e3o, e conhe\u00e7a a <a href=\"https:\/\/jornalismo-faalc.ufms.br\/projetil\/projetil-105\/expediente\/\"><span style=\"color: #ff0000\">equipe<\/span> <\/a>que a produziu<\/p>\n\n\n\n<hr class=\"wp-block-separator has-alpha-channel-opacity\"\/>\n\n\n\n<h2 class=\"wp-block-heading has-accent-color has-text-color has-link-color wp-elements-85a6e6fc9ead0b26672762debf8e06af\">Entrevista<\/h2>\n\n\n\n<p>\u201cQuando vi aquela vis\u00e3o de frente, pensei: \u2018Um dia eu vou ser motorista\u2019\u201d, e para seguir o seu sonho de inf\u00e2ncia, Regina Aparecida da Silva trocou de profiss\u00e3o e passou a dirigir o seu caracter\u00edstico caminh\u00e3o cor de rosa.<\/p>\n\n\n\n<p>Leia a <a href=\"https:\/\/jornalismo-faalc.ufms.br\/projetil\/olha-e-uma-mulher\/\"><span style=\"color: #ff0000\">entrevista<\/span> <\/a>completa<\/p>\n\n\n\n<hr class=\"wp-block-separator has-alpha-channel-opacity\"\/>\n\n\n\n<h2 class=\"wp-block-heading has-accent-color has-text-color has-link-color wp-elements-488fa602d00737a5b1d3ff6c841aa627\"><strong>Caderno Especial<\/strong>  <br>Entre r\u00f3tulos e sil\u00eancios<\/h2>\n\n\n\n<figure class=\"wp-block-image size-full is-resized\"><img loading=\"lazy\" decoding=\"async\" width=\"780\" height=\"899\" src=\"https:\/\/jornalismo-faalc.ufms.br\/projetil\/wp-content\/uploads\/sites\/2\/2025\/07\/capa-caderno-especial.jpg\" alt=\"\" class=\"wp-image-5564\" style=\"width:630px;height:auto\" srcset=\"https:\/\/jornalismo-faalc.ufms.br\/projetil\/wp-content\/uploads\/sites\/2\/2025\/07\/capa-caderno-especial.jpg 780w, https:\/\/jornalismo-faalc.ufms.br\/projetil\/wp-content\/uploads\/sites\/2\/2025\/07\/capa-caderno-especial-260x300.jpg 260w, https:\/\/jornalismo-faalc.ufms.br\/projetil\/wp-content\/uploads\/sites\/2\/2025\/07\/capa-caderno-especial-768x885.jpg 768w, https:\/\/jornalismo-faalc.ufms.br\/projetil\/wp-content\/uploads\/sites\/2\/2025\/07\/capa-caderno-especial-400x461.jpg 400w\" sizes=\"auto, (max-width: 780px) 100vw, 780px\" \/><\/figure>\n\n\n\n<p>As mulheres s\u00e3o marcadas, seja em vida ou em morte. Colocadas em caixas, designadas para fun\u00e7\u00f5es predeterminadas, controladas, limitadas na fala, nas roupas, nas cores, nos comportamentos, nas escolhas. Nos vestimos com o que nos deram: os estere\u00f3tipos. Agora nos despimos, para vestir outras possibilidades. No caderno especial desta edi\u00e7\u00e3o, as hist\u00f3rias de algumas dessas mulheres s\u00e3o contadas na reportagem, enquanto a vida de muitas outras s\u00e3o memoradas no raio-x.<\/p>\n\n\n\n<p>Leia a <a href=\"https:\/\/jornalismo-faalc.ufms.br\/projetil\/mulheres-feitas\/\"><span style=\"color: #ff0000\">reportagem<\/span> <\/a>do caderno especial<\/p>\n\n\n\n<p>Confira a <a href=\"https:\/\/jornalismo-faalc.ufms.br\/projetil\/uma-de-nos\/\"><span style=\"color: #ff0000\">infografia<\/span> <\/a>do raio-x<\/p>\n\n\n\n<hr class=\"wp-block-separator has-alpha-channel-opacity\"\/>\n\n\n\n<h2 class=\"wp-block-heading has-accent-color has-text-color has-link-color wp-elements-84fe254783f89245fe779bdb8c7de6d4\">As palavras ouvidas no corpo<\/h2>\n\n\n\n<p>Mulheres idosas carregam hist\u00f3rias guardadas no corpo. Paix\u00f5es, viv\u00eancias e alegrias que as tornam quem s\u00e3o na velhice. Esta reportagem fotogr\u00e1fica aborda a vida de mulheres idosas e as viv\u00eancias deixadas pelo tempo. <\/p>\n\n\n\n<p>Veja a <a href=\"https:\/\/jornalismo-faalc.ufms.br\/projetil\/as-palavras-ouvidas-no-corpo\/\"><span style=\"color: #ff0000;\">fotorreportagem<\/span> <\/a>completa<\/p>\n\n\n\n<hr class=\"wp-block-separator has-alpha-channel-opacity\"\/>\n\n\n\n<h2 class=\"wp-block-heading has-accent-color has-text-color has-link-color wp-elements-de6763bfa0d157d941c62ba8f6011533\">Reportagens<\/h2>\n\n\n<ul class=\"wp-block-latest-posts__list wp-block-latest-posts\"><li><a class=\"wp-block-latest-posts__post-title\" href=\"https:\/\/jornalismo-faalc.ufms.br\/projetil\/nem-toda-violencia-e-visivel\/\">Nem toda viol\u00eancia \u00e9 vis\u00edvel<\/a><\/li>\n<li><a class=\"wp-block-latest-posts__post-title\" href=\"https:\/\/jornalismo-faalc.ufms.br\/projetil\/1-4-milhao-de-mulheres-em-um-puta-trabalho\/\">1.4 MILH\u00c3O de mulheres em um puta trabalho<\/a><\/li>\n<li><a class=\"wp-block-latest-posts__post-title\" href=\"https:\/\/jornalismo-faalc.ufms.br\/projetil\/digna-e-sustentavel\/\">Digna e sustent\u00e1vel<\/a><\/li>\n<li><a class=\"wp-block-latest-posts__post-title\" href=\"https:\/\/jornalismo-faalc.ufms.br\/projetil\/o-que-veste-meu-corpo\/\">O que veste meu corpo?<\/a><\/li>\n<li><a class=\"wp-block-latest-posts__post-title\" href=\"https:\/\/jornalismo-faalc.ufms.br\/projetil\/mulheres-de-fe\/\">Mulheres de f\u00e9<\/a><\/li>\n<li><a class=\"wp-block-latest-posts__post-title\" href=\"https:\/\/jornalismo-faalc.ufms.br\/projetil\/quando-a-lideranca-tem-nome-de-mulher-indigena\/\">Quando a lideran\u00e7a tem nome de mulher ind\u00edgena<\/a><\/li>\n<\/ul>\n\n\n<hr class=\"wp-block-separator has-alpha-channel-opacity\"\/>\n\n\n\n<h2 class=\"wp-block-heading has-accent-color has-text-color has-link-color wp-elements-99d2be1a5ef593ab8d1019765ff65ca6\">Artigos, cr\u00f4nicas e resenhas<\/h2>\n\n\n<ul class=\"wp-block-latest-posts__list wp-block-latest-posts\"><li><a class=\"wp-block-latest-posts__post-title\" href=\"https:\/\/jornalismo-faalc.ufms.br\/projetil\/furta-cor\/\">Furta-Cor<\/a><\/li>\n<li><a class=\"wp-block-latest-posts__post-title\" href=\"https:\/\/jornalismo-faalc.ufms.br\/projetil\/sete-dias-de-impureza\/\">Sete dias de impureza<\/a><\/li>\n<li><a class=\"wp-block-latest-posts__post-title\" href=\"https:\/\/jornalismo-faalc.ufms.br\/projetil\/adeus\/\">Adeus<\/a><\/li>\n<li><a class=\"wp-block-latest-posts__post-title\" href=\"https:\/\/jornalismo-faalc.ufms.br\/projetil\/oneomania\/\">Oneomania<\/a><\/li>\n<li><a class=\"wp-block-latest-posts__post-title\" href=\"https:\/\/jornalismo-faalc.ufms.br\/projetil\/atencao-meninas\/\">Aten\u00e7\u00e3o meninaS<\/a><\/li>\n<\/ul>","protected":false},"excerpt":{"rendered":"<p>Dezenove mulheres e apenas um homem. Isso n\u00e3o \u00e9 s\u00f3 uma curiosidade da turma que produziu a edi\u00e7\u00e3o 105 do Proj\u00e9til, foi o ponto de partida para a produ\u00e7\u00e3o desta edi\u00e7\u00e3o. Nesta edi\u00e7\u00e3o do Proj\u00e9til, questionamos as palavras escolhidas, as frases, as imagens e as cores utilizadas. Usamos alguns padr\u00f5es, exatamente, para question\u00e1-los e confront\u00e1-los. [&hellip;]<\/p>\n","protected":false},"author":80,"featured_media":0,"parent":0,"menu_order":0,"comment_status":"closed","ping_status":"closed","template":"","meta":{"footnotes":""},"class_list":["post-5108","page","type-page","status-publish","hentry"],"_links":{"self":[{"href":"https:\/\/jornalismo-faalc.ufms.br\/projetil\/wp-json\/wp\/v2\/pages\/5108","targetHints":{"allow":["GET"]}}],"collection":[{"href":"https:\/\/jornalismo-faalc.ufms.br\/projetil\/wp-json\/wp\/v2\/pages"}],"about":[{"href":"https:\/\/jornalismo-faalc.ufms.br\/projetil\/wp-json\/wp\/v2\/types\/page"}],"author":[{"embeddable":true,"href":"https:\/\/jornalismo-faalc.ufms.br\/projetil\/wp-json\/wp\/v2\/users\/80"}],"replies":[{"embeddable":true,"href":"https:\/\/jornalismo-faalc.ufms.br\/projetil\/wp-json\/wp\/v2\/comments?post=5108"}],"version-history":[{"count":23,"href":"https:\/\/jornalismo-faalc.ufms.br\/projetil\/wp-json\/wp\/v2\/pages\/5108\/revisions"}],"predecessor-version":[{"id":5845,"href":"https:\/\/jornalismo-faalc.ufms.br\/projetil\/wp-json\/wp\/v2\/pages\/5108\/revisions\/5845"}],"wp:attachment":[{"href":"https:\/\/jornalismo-faalc.ufms.br\/projetil\/wp-json\/wp\/v2\/media?parent=5108"}],"curies":[{"name":"wp","href":"https:\/\/api.w.org\/{rel}","templated":true}]}}