{"id":5211,"date":"2025-07-14T13:35:30","date_gmt":"2025-07-14T17:35:30","guid":{"rendered":"https:\/\/jornalismo-faalc.ufms.br\/projetil\/?page_id=5211"},"modified":"2025-07-17T12:01:08","modified_gmt":"2025-07-17T16:01:08","slug":"uma-de-nos","status":"publish","type":"page","link":"https:\/\/jornalismo-faalc.ufms.br\/projetil\/projetil-105\/uma-de-nos\/","title":{"rendered":"Uma de N\u00f3s"},"content":{"rendered":"\n<p class=\"has-text-align-center has-accent-color has-text-color has-link-color wp-elements-2612db76c39027797d4850513b03e6c4\"><strong>Texto: Brunna Brondani<\/strong><br><strong>Diagrama\u00e7\u00e3o: Brunna Brondani | Gustavo Henn | Maria Clara Assis<\/strong><\/p>\n\n\n\n<hr class=\"wp-block-separator has-alpha-channel-opacity\" \/>\n\n\n\n<p>Cada uma delas \u00e9 uma de n\u00f3s, mortas por serem mulheres. Em 2025, no Mato Grosso do Sul, 17 mulheres foram assassinadas de forma cruel at\u00e9 a data de fechamento desta edi\u00e7\u00e3o (Dados da Secretaria de Estado de Justi\u00e7a e Seguran\u00e7a P\u00fablica). \u00c9 importante estar atenta, pois o xingamento se torna desrespeito, o desrespeito se torna abuso, o abuso termina em feminic\u00eddio. A defini\u00e7\u00e3o \u00e9 ampla e os n\u00fameros revelam uma realidade abismal no estado, aproximadamente um feminic\u00eddio a cada 11 dias. Cada v\u00edtima de feminic\u00eddio \u00e9 uma hist\u00f3ria. De mulheres, para mulheres e para toda a sociedade. Essas hist\u00f3rias precisam ser contadas.<\/p>\n\n\n\n<figure class=\"wp-block-image alignwide size-full\"><img loading=\"lazy\" decoding=\"async\" width=\"1280\" height=\"2560\" src=\"https:\/\/jornalismo-faalc.ufms.br\/projetil\/wp-content\/uploads\/sites\/2\/2025\/07\/raio-x-digital-scaled.jpg\" alt=\"\" class=\"wp-image-5798\" srcset=\"https:\/\/jornalismo-faalc.ufms.br\/projetil\/wp-content\/uploads\/sites\/2\/2025\/07\/raio-x-digital-scaled.jpg 1280w, https:\/\/jornalismo-faalc.ufms.br\/projetil\/wp-content\/uploads\/sites\/2\/2025\/07\/raio-x-digital-150x300.jpg 150w, https:\/\/jornalismo-faalc.ufms.br\/projetil\/wp-content\/uploads\/sites\/2\/2025\/07\/raio-x-digital-512x1024.jpg 512w, https:\/\/jornalismo-faalc.ufms.br\/projetil\/wp-content\/uploads\/sites\/2\/2025\/07\/raio-x-digital-768x1536.jpg 768w, https:\/\/jornalismo-faalc.ufms.br\/projetil\/wp-content\/uploads\/sites\/2\/2025\/07\/raio-x-digital-1024x2048.jpg 1024w, https:\/\/jornalismo-faalc.ufms.br\/projetil\/wp-content\/uploads\/sites\/2\/2025\/07\/raio-x-digital-1200x2400.jpg 1200w, https:\/\/jornalismo-faalc.ufms.br\/projetil\/wp-content\/uploads\/sites\/2\/2025\/07\/raio-x-digital-1980x3960.jpg 1980w, https:\/\/jornalismo-faalc.ufms.br\/projetil\/wp-content\/uploads\/sites\/2\/2025\/07\/raio-x-digital-1250x2500.jpg 1250w, https:\/\/jornalismo-faalc.ufms.br\/projetil\/wp-content\/uploads\/sites\/2\/2025\/07\/raio-x-digital-400x800.jpg 400w\" sizes=\"auto, (max-width: 1280px) 100vw, 1280px\" \/><\/figure>\n\n\n\n<div class=\"wp-block-buttons is-content-justification-center is-layout-flex wp-container-core-buttons-is-layout-16018d1d wp-block-buttons-is-layout-flex\">\n<div class=\"wp-block-button\"><a class=\"wp-block-button__link wp-element-button\" href=\"https:\/\/jornalismo-faalc.ufms.br\/projetil\/projetil-105\/\">voltar para a edi\u00e7\u00e3o 105<\/a><\/div>\n<\/div>\n","protected":false},"excerpt":{"rendered":"<p>Texto: Brunna BrondaniDiagrama\u00e7\u00e3o: Brunna Brondani | Gustavo Henn | Maria Clara Assis Cada uma delas \u00e9 uma de n\u00f3s, mortas por serem mulheres. Em 2025, no Mato Grosso do Sul, 17 mulheres foram assassinadas de forma cruel at\u00e9 a data de fechamento desta edi\u00e7\u00e3o (Dados da Secretaria de Estado de Justi\u00e7a e Seguran\u00e7a P\u00fablica). \u00c9 [&hellip;]<\/p>\n","protected":false},"author":80,"featured_media":0,"parent":5108,"menu_order":0,"comment_status":"closed","ping_status":"closed","template":"","meta":{"footnotes":""},"class_list":["post-5211","page","type-page","status-publish","hentry"],"_links":{"self":[{"href":"https:\/\/jornalismo-faalc.ufms.br\/projetil\/wp-json\/wp\/v2\/pages\/5211","targetHints":{"allow":["GET"]}}],"collection":[{"href":"https:\/\/jornalismo-faalc.ufms.br\/projetil\/wp-json\/wp\/v2\/pages"}],"about":[{"href":"https:\/\/jornalismo-faalc.ufms.br\/projetil\/wp-json\/wp\/v2\/types\/page"}],"author":[{"embeddable":true,"href":"https:\/\/jornalismo-faalc.ufms.br\/projetil\/wp-json\/wp\/v2\/users\/80"}],"replies":[{"embeddable":true,"href":"https:\/\/jornalismo-faalc.ufms.br\/projetil\/wp-json\/wp\/v2\/comments?post=5211"}],"version-history":[{"count":10,"href":"https:\/\/jornalismo-faalc.ufms.br\/projetil\/wp-json\/wp\/v2\/pages\/5211\/revisions"}],"predecessor-version":[{"id":5799,"href":"https:\/\/jornalismo-faalc.ufms.br\/projetil\/wp-json\/wp\/v2\/pages\/5211\/revisions\/5799"}],"up":[{"embeddable":true,"href":"https:\/\/jornalismo-faalc.ufms.br\/projetil\/wp-json\/wp\/v2\/pages\/5108"}],"wp:attachment":[{"href":"https:\/\/jornalismo-faalc.ufms.br\/projetil\/wp-json\/wp\/v2\/media?parent=5211"}],"curies":[{"name":"wp","href":"https:\/\/api.w.org\/{rel}","templated":true}]}}