{"id":5539,"date":"2025-07-14T17:05:20","date_gmt":"2025-07-14T21:05:20","guid":{"rendered":"https:\/\/jornalismo-faalc.ufms.br\/projetil\/?page_id=5539"},"modified":"2025-07-16T15:14:16","modified_gmt":"2025-07-16T19:14:16","slug":"expediente","status":"publish","type":"page","link":"https:\/\/jornalismo-faalc.ufms.br\/projetil\/projetil-105\/expediente\/","title":{"rendered":"Expediente"},"content":{"rendered":"\n<hr class=\"wp-block-separator has-alpha-channel-opacity\" \/>\n\n\n\n<p>Jornal Laborat\u00f3rio do Curso de Jornalismo da Universidade Federal de Mato Grosso do Sul &#8211; 2025\/1. Produzido pelas acad\u00eamicas e acad\u00eamicos vinculados \u00e0 disciplina de Jornal Laborat\u00f3rio sob orienta\u00e7\u00e3o da professora Rafaela Lopes Pereira Peres e M\u00e1rio Luiz Fernandes.<\/p>\n\n\n\n<p><strong>Capa: <\/strong>Maria Clara Assis.<\/p>\n\n\n\n<p><strong>Editoria Executiva:<\/strong> Camille Filetto, Rebeca Ferro e Sarai Brauna.<\/p>\n\n\n\n<p><strong>Editoria de Reportagem:<\/strong> Ana Carla Souza, Ayumi Chinem, Juliana Menezes, Mariana Viana, Mariana Azevedo, Marianne Amorim, Nathana Nunes, Ninfa Eug\u00eania, Pietra Vasconcelos, Rafaela Ancel, Rafaela Ribeiro e Roberta Dorneles.<\/p>\n\n\n\n<p><strong>Editoria de Arte: <\/strong>Brunna Brondani, Maria Clara Assis e Gustavo Henn.<\/p>\n\n\n\n<p><strong>Editorial de Opini\u00e3o: <\/strong>Bruna Melo e Maria Santos.<\/p>\n\n\n\n<p><strong>Monitores: <\/strong>Eliel Dias e Milena Melo.<\/p>\n\n\n\n<p>Correspond\u00eancia &#8211; Jornal Laborat\u00f3rio Proj\u00e9til &#8211; Curso de Jornalismo &#8211; Faculdade de Artes, Letras e Comunica\u00e7\u00e3o (FAALC) &#8211; Cidade Universit\u00e1ria, s\/n, CEP 79.070-900 &#8211; Campo Grande \/ MS. Fone: (67) 3345-7607 &#8211; E-mail: <a href=\"mailto:jorn.faalc@ufms.br\">jorn.faalc@ufms.br<\/a> (Jornalismo UFMS).<\/p>\n\n\n\n<p><strong>As mat\u00e9rias veiculadas n\u00e3o representam, necessariamente, a opini\u00e3o da UFMS ou de seus dirigentes, nem dos docentes ou totalidade da turma.<\/strong><\/p>\n\n\n\n<div class=\"wp-block-buttons is-content-justification-center is-layout-flex wp-container-core-buttons-is-layout-16018d1d wp-block-buttons-is-layout-flex\">\n<div class=\"wp-block-button\"><a class=\"wp-block-button__link wp-element-button\" href=\"https:\/\/jornalismo-faalc.ufms.br\/projetil\/projetil-105\/\">voltar para a edi\u00e7\u00e3o 105<\/a><\/div>\n<\/div>\n","protected":false},"excerpt":{"rendered":"<p>Jornal Laborat\u00f3rio do Curso de Jornalismo da Universidade Federal de Mato Grosso do Sul &#8211; 2025\/1. Produzido pelas acad\u00eamicas e acad\u00eamicos vinculados \u00e0 disciplina de Jornal Laborat\u00f3rio sob orienta\u00e7\u00e3o da professora Rafaela Lopes Pereira Peres e M\u00e1rio Luiz Fernandes. Capa: Maria Clara Assis. Editoria Executiva: Camille Filetto, Rebeca Ferro e Sarai Brauna. Editoria de Reportagem: [&hellip;]<\/p>\n","protected":false},"author":80,"featured_media":0,"parent":5108,"menu_order":0,"comment_status":"closed","ping_status":"closed","template":"","meta":{"footnotes":""},"class_list":["post-5539","page","type-page","status-publish","hentry"],"_links":{"self":[{"href":"https:\/\/jornalismo-faalc.ufms.br\/projetil\/wp-json\/wp\/v2\/pages\/5539","targetHints":{"allow":["GET"]}}],"collection":[{"href":"https:\/\/jornalismo-faalc.ufms.br\/projetil\/wp-json\/wp\/v2\/pages"}],"about":[{"href":"https:\/\/jornalismo-faalc.ufms.br\/projetil\/wp-json\/wp\/v2\/types\/page"}],"author":[{"embeddable":true,"href":"https:\/\/jornalismo-faalc.ufms.br\/projetil\/wp-json\/wp\/v2\/users\/80"}],"replies":[{"embeddable":true,"href":"https:\/\/jornalismo-faalc.ufms.br\/projetil\/wp-json\/wp\/v2\/comments?post=5539"}],"version-history":[{"count":4,"href":"https:\/\/jornalismo-faalc.ufms.br\/projetil\/wp-json\/wp\/v2\/pages\/5539\/revisions"}],"predecessor-version":[{"id":5676,"href":"https:\/\/jornalismo-faalc.ufms.br\/projetil\/wp-json\/wp\/v2\/pages\/5539\/revisions\/5676"}],"up":[{"embeddable":true,"href":"https:\/\/jornalismo-faalc.ufms.br\/projetil\/wp-json\/wp\/v2\/pages\/5108"}],"wp:attachment":[{"href":"https:\/\/jornalismo-faalc.ufms.br\/projetil\/wp-json\/wp\/v2\/media?parent=5539"}],"curies":[{"name":"wp","href":"https:\/\/api.w.org\/{rel}","templated":true}]}}